{"id":3045,"date":"2024-06-21T10:38:18","date_gmt":"2024-06-21T10:38:18","guid":{"rendered":"https:\/\/topfishseafood.nl\/geschichte\/"},"modified":"2024-08-28T07:58:47","modified_gmt":"2024-08-28T07:58:47","slug":"geschichte","status":"publish","type":"page","link":"https:\/\/topfishseafood.nl\/de\/geschichte\/","title":{"rendered":"Geschichte"},"content":{"rendered":"\n<div class=\"alignfull wp-block-ugb-columns ugb-columns ugb-a99cb8e ugb-columns--design-plain ugb-columns--columns-2 ugb-main-block ugb-main-block--inner-full ugb--has-block-background\"><style>.ugb-a99cb8e{padding-left:0 !important;padding-right:0 !important;padding:0 !important}.ugb-a99cb8e.ugb-columns{background-color:var(--theme-palette-color-5,#f1f3f5)}.ugb-a99cb8e.ugb-columns:before{background-color:var(--theme-palette-color-5,#f1f3f5)}@media screen and (min-width:768px){.ugb-a99cb8e.ugb-columns{margin-top:60px !important;margin-bottom:0px !important;padding-right:35px !important}}@media screen and (min-width:768px) and (max-width:1025px){.ugb-a99cb8e.ugb-columns{margin-top:60px !important}}<\/style><div class=\"ugb-inner-block ugb-inner-block--full\"><div class=\"ugb-block-content\"><div class=\"ugb-columns__item ugb-a99cb8e-content-wrapper\">\n<div class=\"wp-block-ugb-column ugb-column ugb-ff10d90 ugb-column--design-basic ugb-main-block\"><style>.ugb-ff10d90-column-wrapper{border-radius:0px !important;background-image:url(https:\/\/topfishseafood.nl\/wp-content\/uploads\/2024\/06\/f07a7fb0d2595a5cfde33ba07e1ca288.jpg)}.ugb-ff10d90-column-wrapper:before{opacity:0.5}@media screen and (max-width:1025px){.ugb-ff10d90-column-wrapper{background-image:url(https:\/\/topfishseafood.nl\/wp-content\/uploads\/2024\/06\/f07a7fb0d2595a5cfde33ba07e1ca288.jpg)}.ugb-ff10d90-column-wrapper:before{opacity:0.5}}@media screen and (max-width:768px){.ugb-ff10d90-column-wrapper{background-image:url(https:\/\/topfishseafood.nl\/wp-content\/uploads\/2024\/06\/f07a7fb0d2595a5cfde33ba07e1ca288.jpg)}.ugb-ff10d90-column-wrapper:before{opacity:0.5}.ugb-ff10d90.ugb-column{min-height:300px}}<\/style><div class=\"ugb-inner-block\"><div class=\"ugb-block-content\"><div class=\"ugb-column__item ugb-ff10d90-column-wrapper ugb--shadow-0 ugb--has-background-overlay\"><div class=\"ugb-column__content-wrapper\"><\/div><\/div><\/div><\/div><\/div>\n\n\n\n<div class=\"wp-block-ugb-column ugb-column right-aligned-block ugb-3e39c5d ugb-column--design-plain ugb-main-block\"><style>@media screen and (min-width:768px){.ugb-3e39c5d > .ugb-inner-block > .ugb-block-content > *{padding-top:80px !important;padding-bottom:130px !important;padding-left:80px !important}}@media screen and (min-width:768px) and (max-width:1025px){.ugb-3e39c5d > .ugb-inner-block > .ugb-block-content > *{padding-bottom:130px !important}}@media screen and (max-width:768px){.ugb-3e39c5d > .ugb-inner-block > .ugb-block-content > *{padding-top:0px !important;padding-right:30px !important;padding-bottom:130px !important;padding-left:30px !important}}<\/style><div class=\"ugb-inner-block\"><div class=\"ugb-block-content\"><div class=\"ugb-column__item ugb-3e39c5d-column-wrapper\"><div class=\"ugb-column__content-wrapper\">\n<div class=\"wp-block-ugb-heading ugb-heading ugb-3034c07 ugb-main-block\"><style>.ugb-3034c07 .ugb-heading__title{color:var(--theme-palette-color-8,#ffffff);text-transform:none !important}.ugb-3034c07 .ugb-heading__subtitle{color:var(--theme-palette-color-8,#ffffff)}<\/style><div class=\"ugb-inner-block\"><div class=\"ugb-block-content\"><h2 class=\"ugb-heading__title\">Geschichte Top-Fisch<\/h2><p class=\"ugb-heading__subtitle\">Der Fischer Douwe Gnodde hatte sein ganzes Leben lang mit Fischen gearbeitet und beschloss 1992, diese Erfahrung auf dem Festland in die Praxis umzusetzen. Er \u00fcbertrug sein Fachwissen aus dem Meer in die Gr\u00fcndung von Top Fish Seafood mit Blick auf Qualit\u00e4t. Mittlerweile ist das Unternehmen ein echtes Familienunternehmen geworden und wird von Douwes S\u00f6hnen Fokke, Peter und Jan-Marten Gnodde gef\u00fchrt.  <br\/> <br\/>Was Top Fish einzigartig macht, ist die Leidenschaft f\u00fcr den Beruf in der Familie Gnodde. Das spiegelt sich in unserer Arbeitsweise wider. Alle Eigent\u00fcmer arbeiten noch immer jeden Tag im Unternehmen. Auf diese Weise kommt jeder Fisch mit einem dieser M\u00e4nner in Kontakt. Die Qualit\u00e4tskontrolle ist daher hervorragend organisiert.    <br\/> <br\/>Seit 2001 arbeitet Top Fish Seafood in einem neuen und modernen Geb\u00e4ude am Breehorn im Industriegebiet Urk. Dadurch erf\u00fcllt das Unternehmen die strengsten Anforderungen im Bereich Lebensmittelsicherheit und -qualit\u00e4t. Selbstverst\u00e4ndlich verf\u00fcgt das Unternehmen \u00fcber ein BRC-Zertifikat mit A-Status. Im Jahr 2020 installierte das Unternehmen 224 Solarpaneele auf dem Dach, um auch als Unternehmen nachhaltig zu wachsen und einen Beitrag zu leisten.   <\/p><\/div><\/div><\/div>\n<\/div><\/div><\/div><\/div><\/div>\n<\/div><\/div><\/div><\/div>\n","protected":false},"excerpt":{"rendered":"<p>Geschichte Top-Fisch Der Fischer Douwe Gnodde hatte sein ganzes Leben lang mit Fischen gearbeitet und beschloss 1992, diese Erfahrung auf dem Festland in die Praxis umzusetzen. Er \u00fcbertrug sein Fachwissen aus dem Meer in die Gr\u00fcndung von Top Fish Seafood mit Blick auf Qualit\u00e4t. Mittlerweile ist das Unternehmen ein echtes Familienunternehmen geworden und wird von [&hellip;]<\/p>\n","protected":false},"author":1,"featured_media":0,"parent":0,"menu_order":0,"comment_status":"closed","ping_status":"closed","template":"","meta":{"footnotes":""},"class_list":["post-3045","page","type-page","status-publish","hentry"],"blocksy_meta":{"page_title_panel":"","has_hero_section":"disabled","b0bcf61a477b44d34d3f466147a584bb":"","hero_section":"type-1","hero_elements":[{"id":"custom_title","enabled":false,"heading_tag":"h1","title":"Home","__id":"Y6khUB4gAGdZZFZBz_AR5"},{"id":"custom_description","enabled":false,"description_visibility":{"desktop":true,"tablet":true,"mobile":false},"__id":"Zx4PulaiwG6cVdABGw_Xi"},{"id":"custom_meta","enabled":false,"meta_elements":[{"id":"author","enabled":true,"label":"By","has_author_avatar":"yes","avatar_size":25},{"id":"post_date","enabled":true,"label":"On","date_format_source":"default","date_format":"M j, Y"},{"id":"comments","enabled":true}],"page_meta_elements":{"joined":true,"articles_count":true,"comments":true},"__id":"CaQRZzZbK6gV7jH42pGx-"},{"id":"breadcrumbs","enabled":false,"__id":"_B7WbyQ_9ZZQZlxQCAptJ"}],"6a86d140dec4159912641ae246b7801e":"","hero_alignment1":"left","hero_alignment2":"center","hero_vertical_alignment":"center","41aa13d1fed6ffecd364c2a39a774aca":"","hero_structure":"narrow","b340154c4a3bba02ca0c20ad330341b4":"","page_title_bg_type":"featured_image","custom_hero_background":{"attachment_id":null},"parallax":{"desktop":false,"tablet":false,"mobile":false},"44e6f3202a53661b006d1325e23c4ee4":"","hero_height":"250px","pageTitleFont":{"family":"Default","variation":"Default","size":{"desktop":"32px","tablet":"30px","mobile":"25px"},"line-height":"CT_CSS_SKIP_RULE","letter-spacing":"CT_CSS_SKIP_RULE","text-transform":"CT_CSS_SKIP_RULE","text-decoration":"CT_CSS_SKIP_RULE"},"pageTitleFontColor":{"default":{"color":"CT_CSS_SKIP_RULEDEFAULT"}},"pageMetaFont":{"family":"Default","variation":"n6","size":"12px","line-height":"1.3","letter-spacing":"CT_CSS_SKIP_RULE","text-transform":"uppercase","text-decoration":"CT_CSS_SKIP_RULE"},"pageMetaFontColor":{"default":{"color":"CT_CSS_SKIP_RULEDEFAULT"},"hover":{"color":"CT_CSS_SKIP_RULEDEFAULT"}},"pageExcerptFont":{"family":"Default","variation":"Default","size":"CT_CSS_SKIP_RULE","line-height":"CT_CSS_SKIP_RULE","letter-spacing":"CT_CSS_SKIP_RULE","text-transform":"CT_CSS_SKIP_RULE","text-decoration":"CT_CSS_SKIP_RULE"},"pageExcerptColor":{"default":{"color":"CT_CSS_SKIP_RULEDEFAULT"}},"breadcrumbsFont":{"family":"Default","variation":"n6","size":"12px","line-height":"CT_CSS_SKIP_RULE","letter-spacing":"CT_CSS_SKIP_RULE","text-transform":"uppercase","text-decoration":"CT_CSS_SKIP_RULE"},"breadcrumbsFontColor":{"default":{"color":"CT_CSS_SKIP_RULEDEFAULT"},"initial":{"color":"CT_CSS_SKIP_RULEDEFAULT"},"hover":{"color":"CT_CSS_SKIP_RULEDEFAULT"}},"pageTitleOverlay":{"default":{"color":"CT_CSS_SKIP_RULE"}},"pageTitleBackground":{"background_type":"color","background_pattern":"type-1","background_image":{"attachment_id":null,"x":0,"y":0},"gradient":"linear-gradient(135deg,rgba(6,147,227,1) 0%,rgb(155,81,224) 100%)","background_repeat":"no-repeat","background_size":"auto","background_attachment":"scroll","patternColor":{"default":{"color":"#e5e7ea"}},"overlayColor":{"default":{"color":"CT_CSS_SKIP_RULE"}},"backgroundColor":{"default":{"color":"#EDEFF2"}}},"92d328a8166542dcbd3c70976a79e6fb":"","page_structure_type":"default","content_style":"inherit","vertical_spacing_source":"custom","content_area_spacing":"both","background":{"background_type":"color","background_pattern":"type-1","background_image":{"attachment_id":null,"x":0,"y":0},"gradient":"linear-gradient(135deg,rgba(6,147,227,1) 0%,rgb(155,81,224) 100%)","background_repeat":"no-repeat","background_size":"auto","background_attachment":"scroll","patternColor":{"default":{"color":"#e5e7ea"}},"overlayColor":{"default":{"color":"CT_CSS_SKIP_RULE"}},"backgroundColor":{"default":{"color":"CT_CSS_SKIP_RULE"}}},"content_background":{"background_type":"color","background_pattern":"type-1","background_image":{"attachment_id":null,"x":0,"y":0},"gradient":"linear-gradient(135deg,rgba(6,147,227,1) 0%,rgb(155,81,224) 100%)","background_repeat":"no-repeat","background_size":"auto","background_attachment":"scroll","patternColor":{"default":{"color":"#e5e7ea"}},"overlayColor":{"default":{"color":"CT_CSS_SKIP_RULE"}},"backgroundColor":{"default":{"color":"#ffffff"}}},"content_boxed_shadow":{"inherit":false,"blur":18,"spread":-6,"v_offset":12,"h_offset":0,"inset":false,"enable":true,"color":{"color":"rgba(34, 56, 101, 0.04)"}},"boxed_content_spacing":{"desktop":{"top":"40px","bottom":"40px","left":"40px","right":"40px","linked":true},"tablet":{"top":"35px","bottom":"35px","left":"35px","right":"35px","linked":true},"mobile":{"top":"20px","bottom":"20px","left":"20px","right":"20px","linked":true}},"content_boxed_radius":{"top":"3px","bottom":"3px","left":"3px","right":"3px","linked":true},"43724777f327b8931e8a2e0911cc6c52":"","disable_featured_image":"no","disable_header":"no","disable_footer":"no","3d43cf42515988c9004c52682b561440":"","d7604e7cb081bb659235ddc693d1da2d":"","hero_margin":{"desktop":"0","tablet":"0","mobile":"0","__changed":["mobile","tablet"]},"991a08045a14defff12390aff3a02d32":"","51a391c3170f49d078acc81826ddb351":"","9bcda35d13d6daea61cfad48e28d02e5":"","99b57b262e58f32660aaaa446b5f0b3c":"","95bdde3f5896f81b81883487140c520b":"","e020ebdedb0cb46b220928a4ebf7c0e5":"","47dd6dd73fcaac5d8363dd0a495159d6":"","873067bb6ab052f125371292b1ff7042":"","30620d1392afbd268c4c8dab82936123":"","a43688002e299611e44867a622ea70a0":"","4561e524d1adc49f2211bb560dc1cfc7":"","98a2f2fa0f1a02bdbc9f3b91cf2e4c06":"","1b8d0da3c48da055c34d7a83cdc91efa":"","36c76191ea6552ba5d7915c365e02ea4":"","bc8bd2f8f09309b34c7cd4d4f9b67717":"","0c7aa27137ffcdc65a77ce5f0c6e3928":"","8e89f5e8dfab363fe226a4e15c0bc4b4":"","f259a7341fc8f0f945501cdbb177bea7":"","183af9cd95f5720580abac239d1f1d05":"","ff343b6b7fa7f212f31373007485c729":"","96b44615bdbd5fecbcad729d98e17b18":"","fca6c23d3766460c5611872e7ad3cfa4":"","3d38b368984a097694aaed50e20dc609":"","d4e8a2923dcb3b4344d96aab244bf290":"","e471ebd3ea3fc7f242998a938c0fc7ac":"","c3bdf554de46a0788dbfd2d90ce4e6cf":"","ab1285c431759881cacea149314413d6":"","1453aad95c3f9f179cdc61c7a9ce2727":"","651a3fafeee39709b177fa7406c074eb":"","813f802b6b7d32878eefefe8a9b0683b":"","dd169c567080afe08a2a56a86ff6efaa":"","4916d94fa5100507f1f60356e0083290":"","04147a29052df8c47b6c3bd0a46ba2d7":"","1c1d59115cdb1ad1d2badd750510266c":"","3e3a5064030306d41ac8eaa92a240c2a":"","26b62dd7913ccd6fc1cc1ae96e24aab9":"","eb0b60759e6688553f0c4dce10c97dfd":"","d83dd82dbb7c6fe1030167582e27eabc":"","pageTitlePadding":{"top":"50px","bottom":"50px","left":"auto","right":"auto","linked":true},"7ea8fa1dd9af6ab0dbeb84a24f3f6c52":"","fd41f3570f6700e236a51228fa414b9d":"","styles_descriptor":{"styles":{"desktop":"","tablet":"","mobile":""},"google_fonts":[],"version":6}},"featured_image_urls_v2":{"full":"","thumbnail":"","medium":"","medium_large":"","large":"","1536x1536":"","2048x2048":"","gform-image-choice-sm":"","gform-image-choice-md":"","gform-image-choice-lg":""},"post_excerpt_stackable_v2":"<p>Geschichte Top-FischDer Fischer Douwe Gnodde hatte sein ganzes Leben lang mit Fischen gearbeitet und beschloss 1992, diese Erfahrung auf dem Festland in die Praxis umzusetzen. Er \u00fcbertrug sein Fachwissen aus dem Meer in die Gr\u00fcndung von Top Fish Seafood mit Blick auf Qualit\u00e4t. Mittlerweile ist das Unternehmen ein echtes Familienunternehmen geworden und wird von Douwes S\u00f6hnen Fokke, Peter und Jan-Marten Gnodde gef\u00fchrt. Was Top Fish einzigartig macht, ist die Leidenschaft f\u00fcr den Beruf in der Familie Gnodde. Das spiegelt sich in unserer Arbeitsweise wider. Alle Eigent\u00fcmer arbeiten noch immer jeden Tag im Unternehmen. Auf diese Weise kommt jeder Fisch mit&hellip;<\/p>\n","category_list_v2":"","author_info_v2":{"name":"Spikker","url":"https:\/\/topfishseafood.nl\/de\/author\/best4u\/"},"comments_num_v2":"0 comments","yoast_head":"<!-- This site is optimized with the Yoast SEO plugin v26.3 - https:\/\/yoast.com\/wordpress\/plugins\/seo\/ -->\n<title>Geschichte - Top Fish Seafood<\/title>\n<meta name=\"robots\" content=\"index, follow, max-snippet:-1, max-image-preview:large, max-video-preview:-1\" \/>\n<link rel=\"canonical\" href=\"https:\/\/topfishseafood.nl\/de\/geschichte\/\" \/>\n<meta property=\"og:locale\" content=\"de_DE\" \/>\n<meta property=\"og:type\" content=\"article\" \/>\n<meta property=\"og:title\" content=\"Geschichte - Top Fish Seafood\" \/>\n<meta property=\"og:description\" content=\"Geschichte Top-Fisch Der Fischer Douwe Gnodde hatte sein ganzes Leben lang mit Fischen gearbeitet und beschloss 1992, diese Erfahrung auf dem Festland in die Praxis umzusetzen. Er \u00fcbertrug sein Fachwissen aus dem Meer in die Gr\u00fcndung von Top Fish Seafood mit Blick auf Qualit\u00e4t. Mittlerweile ist das Unternehmen ein echtes Familienunternehmen geworden und wird von [&hellip;]\" \/>\n<meta property=\"og:url\" content=\"https:\/\/topfishseafood.nl\/de\/geschichte\/\" \/>\n<meta property=\"og:site_name\" content=\"Top Fish Seafood\" \/>\n<meta property=\"article:modified_time\" content=\"2024-08-28T07:58:47+00:00\" \/>\n<meta name=\"twitter:card\" content=\"summary_large_image\" \/>\n<meta name=\"twitter:label1\" content=\"Gesch\u00e4tzte Lesezeit\" \/>\n\t<meta name=\"twitter:data1\" content=\"1\u00a0Minute\" \/>\n<script type=\"application\/ld+json\" class=\"yoast-schema-graph\">{\"@context\":\"https:\/\/schema.org\",\"@graph\":[{\"@type\":\"WebPage\",\"@id\":\"https:\/\/topfishseafood.nl\/de\/geschichte\/\",\"url\":\"https:\/\/topfishseafood.nl\/de\/geschichte\/\",\"name\":\"Geschichte - Top Fish Seafood\",\"isPartOf\":{\"@id\":\"https:\/\/topfishseafood.nl\/de\/#website\"},\"datePublished\":\"2024-06-21T10:38:18+00:00\",\"dateModified\":\"2024-08-28T07:58:47+00:00\",\"breadcrumb\":{\"@id\":\"https:\/\/topfishseafood.nl\/de\/geschichte\/#breadcrumb\"},\"inLanguage\":\"de\",\"potentialAction\":[{\"@type\":\"ReadAction\",\"target\":[\"https:\/\/topfishseafood.nl\/de\/geschichte\/\"]}]},{\"@type\":\"BreadcrumbList\",\"@id\":\"https:\/\/topfishseafood.nl\/de\/geschichte\/#breadcrumb\",\"itemListElement\":[{\"@type\":\"ListItem\",\"position\":1,\"name\":\"Home\",\"item\":\"https:\/\/topfishseafood.nl\/de\/\"},{\"@type\":\"ListItem\",\"position\":2,\"name\":\"Geschichte\"}]},{\"@type\":\"WebSite\",\"@id\":\"https:\/\/topfishseafood.nl\/de\/#website\",\"url\":\"https:\/\/topfishseafood.nl\/de\/\",\"name\":\"Top Fish Seafood\",\"description\":\"\",\"publisher\":{\"@id\":\"https:\/\/topfishseafood.nl\/de\/#organization\"},\"potentialAction\":[{\"@type\":\"SearchAction\",\"target\":{\"@type\":\"EntryPoint\",\"urlTemplate\":\"https:\/\/topfishseafood.nl\/de\/?s={search_term_string}\"},\"query-input\":{\"@type\":\"PropertyValueSpecification\",\"valueRequired\":true,\"valueName\":\"search_term_string\"}}],\"inLanguage\":\"de\"},{\"@type\":\"Organization\",\"@id\":\"https:\/\/topfishseafood.nl\/de\/#organization\",\"name\":\"Top Fish Seafood\",\"url\":\"https:\/\/topfishseafood.nl\/de\/\",\"logo\":{\"@type\":\"ImageObject\",\"inLanguage\":\"de\",\"@id\":\"https:\/\/topfishseafood.nl\/de\/#\/schema\/logo\/image\/\",\"url\":\"https:\/\/topfishseafood.nl\/wp-content\/uploads\/2024\/06\/Top-Fish_fc_Nieuw-1.svg\",\"contentUrl\":\"https:\/\/topfishseafood.nl\/wp-content\/uploads\/2024\/06\/Top-Fish_fc_Nieuw-1.svg\",\"caption\":\"Top Fish Seafood\"},\"image\":{\"@id\":\"https:\/\/topfishseafood.nl\/de\/#\/schema\/logo\/image\/\"}}]}<\/script>\n<!-- \/ Yoast SEO plugin. -->","yoast_head_json":{"title":"Geschichte - Top Fish Seafood","robots":{"index":"index","follow":"follow","max-snippet":"max-snippet:-1","max-image-preview":"max-image-preview:large","max-video-preview":"max-video-preview:-1"},"canonical":"https:\/\/topfishseafood.nl\/de\/geschichte\/","og_locale":"de_DE","og_type":"article","og_title":"Geschichte - Top Fish Seafood","og_description":"Geschichte Top-Fisch Der Fischer Douwe Gnodde hatte sein ganzes Leben lang mit Fischen gearbeitet und beschloss 1992, diese Erfahrung auf dem Festland in die Praxis umzusetzen. Er \u00fcbertrug sein Fachwissen aus dem Meer in die Gr\u00fcndung von Top Fish Seafood mit Blick auf Qualit\u00e4t. Mittlerweile ist das Unternehmen ein echtes Familienunternehmen geworden und wird von [&hellip;]","og_url":"https:\/\/topfishseafood.nl\/de\/geschichte\/","og_site_name":"Top Fish Seafood","article_modified_time":"2024-08-28T07:58:47+00:00","twitter_card":"summary_large_image","twitter_misc":{"Gesch\u00e4tzte Lesezeit":"1\u00a0Minute"},"schema":{"@context":"https:\/\/schema.org","@graph":[{"@type":"WebPage","@id":"https:\/\/topfishseafood.nl\/de\/geschichte\/","url":"https:\/\/topfishseafood.nl\/de\/geschichte\/","name":"Geschichte - Top Fish Seafood","isPartOf":{"@id":"https:\/\/topfishseafood.nl\/de\/#website"},"datePublished":"2024-06-21T10:38:18+00:00","dateModified":"2024-08-28T07:58:47+00:00","breadcrumb":{"@id":"https:\/\/topfishseafood.nl\/de\/geschichte\/#breadcrumb"},"inLanguage":"de","potentialAction":[{"@type":"ReadAction","target":["https:\/\/topfishseafood.nl\/de\/geschichte\/"]}]},{"@type":"BreadcrumbList","@id":"https:\/\/topfishseafood.nl\/de\/geschichte\/#breadcrumb","itemListElement":[{"@type":"ListItem","position":1,"name":"Home","item":"https:\/\/topfishseafood.nl\/de\/"},{"@type":"ListItem","position":2,"name":"Geschichte"}]},{"@type":"WebSite","@id":"https:\/\/topfishseafood.nl\/de\/#website","url":"https:\/\/topfishseafood.nl\/de\/","name":"Top Fish Seafood","description":"","publisher":{"@id":"https:\/\/topfishseafood.nl\/de\/#organization"},"potentialAction":[{"@type":"SearchAction","target":{"@type":"EntryPoint","urlTemplate":"https:\/\/topfishseafood.nl\/de\/?s={search_term_string}"},"query-input":{"@type":"PropertyValueSpecification","valueRequired":true,"valueName":"search_term_string"}}],"inLanguage":"de"},{"@type":"Organization","@id":"https:\/\/topfishseafood.nl\/de\/#organization","name":"Top Fish Seafood","url":"https:\/\/topfishseafood.nl\/de\/","logo":{"@type":"ImageObject","inLanguage":"de","@id":"https:\/\/topfishseafood.nl\/de\/#\/schema\/logo\/image\/","url":"https:\/\/topfishseafood.nl\/wp-content\/uploads\/2024\/06\/Top-Fish_fc_Nieuw-1.svg","contentUrl":"https:\/\/topfishseafood.nl\/wp-content\/uploads\/2024\/06\/Top-Fish_fc_Nieuw-1.svg","caption":"Top Fish Seafood"},"image":{"@id":"https:\/\/topfishseafood.nl\/de\/#\/schema\/logo\/image\/"}}]}},"_links":{"self":[{"href":"https:\/\/topfishseafood.nl\/de\/wp-json\/wp\/v2\/pages\/3045","targetHints":{"allow":["GET"]}}],"collection":[{"href":"https:\/\/topfishseafood.nl\/de\/wp-json\/wp\/v2\/pages"}],"about":[{"href":"https:\/\/topfishseafood.nl\/de\/wp-json\/wp\/v2\/types\/page"}],"author":[{"embeddable":true,"href":"https:\/\/topfishseafood.nl\/de\/wp-json\/wp\/v2\/users\/1"}],"replies":[{"embeddable":true,"href":"https:\/\/topfishseafood.nl\/de\/wp-json\/wp\/v2\/comments?post=3045"}],"version-history":[{"count":1,"href":"https:\/\/topfishseafood.nl\/de\/wp-json\/wp\/v2\/pages\/3045\/revisions"}],"predecessor-version":[{"id":3048,"href":"https:\/\/topfishseafood.nl\/de\/wp-json\/wp\/v2\/pages\/3045\/revisions\/3048"}],"wp:attachment":[{"href":"https:\/\/topfishseafood.nl\/de\/wp-json\/wp\/v2\/media?parent=3045"}],"curies":[{"name":"wp","href":"https:\/\/api.w.org\/{rel}","templated":true}]}}