{"id":3057,"date":"2024-07-26T08:03:16","date_gmt":"2024-07-26T08:03:16","guid":{"rendered":"https:\/\/topfishseafood.nl\/ueber-uns\/filetieren\/"},"modified":"2024-08-28T14:21:15","modified_gmt":"2024-08-28T14:21:15","slug":"filetieren","status":"publish","type":"page","link":"https:\/\/topfishseafood.nl\/de\/ueber-uns\/filetieren\/","title":{"rendered":"Filetieren"},"content":{"rendered":"\n<div class=\"wp-block-stackable-columns stk-block-columns stk-block stk-9959fe2\" data-block-id=\"9959fe2\"><div class=\"stk-row stk-inner-blocks stk-block-content stk-content-align stk-9959fe2-column\">\n<div class=\"wp-block-stackable-column stk-block-column stk-column stk-block stk-3d76ad8\" data-v=\"4\" data-block-id=\"3d76ad8\"><div class=\"stk-column-wrapper stk-block-column__content stk-container stk-3d76ad8-container stk--no-background stk--no-padding\"><div class=\"stk-block-content stk-inner-blocks stk-3d76ad8-inner-blocks\">\n<h3 class=\"wp-block-heading\">Filetieren von Spitzenfischen: Handwerkskunst und Leidenschaft<\/h3>\n\n\n\n<p>Bei Top Fish steht Handwerkskunst an erster Stelle, insbesondere wenn es um das Filetieren von Fisch geht. Mit jahrelanger Erfahrung im manuellen Filetieren verschiedener Fischarten bieten wir ein Ma\u00df an Pr\u00e4zision und Sorgfalt, mit dem keine Filetiermaschine mithalten kann. Unser Team aus Filetierexperten nutzt traditionelle Techniken, um sicherzustellen, dass jedes Filet perfekt ist, ohne Abfall und die beste Qualit\u00e4t erhalten bleibt.  <\/p>\n\n\n\n<h4 class=\"wp-block-heading\">Warum manuell filetieren?<\/h4>\n\n\n\n<p>Das manuelle Filetieren von Fisch hat gegen\u00fcber dem maschinellen Filetieren viele Vorteile. Unsere erfahrenen Filetierer verf\u00fcgen \u00fcber das K\u00f6nnen und Wissen, um jede Fischart optimal zu verarbeiten und dabei ihre Textur, ihren Geschmack und ihre Frische zu bewahren. Dies f\u00fchrt zu erstklassigen Filets, die den h\u00f6chsten Anspr\u00fcchen gen\u00fcgen.  <\/p>\n\n\n\n<h4 class=\"wp-block-heading\">Innovation im Filetieren: maschinelles Filetieren<\/h4>\n\n\n\n<p>Zus\u00e4tzlich zu unserem manuellen Filetieren verwenden wir bei Top Fish auch eine fortschrittliche Filetiermaschine von Bader. Mit dieser Maschine k\u00f6nnen wir gro\u00dfe Mengen Fisch schnell und effizient verarbeiten, ohne dass die Qualit\u00e4t darunter leidet. An dieser Maschine arbeitet ein erfahrenes Team, um sicherzustellen, dass jedes Filet unseren hohen Standards entspricht.  <\/p>\n\n\n\n<p>Die Bader-Filetiermaschine wird haupts\u00e4chlich zum Filetieren kleinerer und preiswerterer Fischarten wie Flunder, Scholle und Wei\u00dffisch verwendet. Dar\u00fcber hinaus wurde unsere Maschine so angepasst, dass sie auch Kopffische und dichte Fische schneiden kann, was unsere Flexibilit\u00e4t und Kapazit\u00e4t weiter erh\u00f6ht. Durch die Kombination von maschinellem und manuellem Filetieren k\u00f6nnen wir Ihnen je nach Ihren spezifischen W\u00fcnschen und der Beschaffenheit der Fischart genau das richtige Filet liefern.  <\/p>\n\n\n\n<h4 class=\"wp-block-heading\">Filetieren zum Verkauf und mehr<\/h4>\n\n\n\n<p>Neben dem Filetieren von Fisch f\u00fcr den Eigenverkauf bietet Top Fish auch Filetierdienste f\u00fcr Dritte an. Egal, ob Sie ein Restaurant, ein Fischgesch\u00e4ft oder ein Gro\u00dfh\u00e4ndler sind, wir k\u00f6nnen Ihnen fachm\u00e4nnisch filetierten und verzehrfertigen Fisch liefern. Unser flexibler Service, bei dem wir sowohl manuelle als auch maschinelle Techniken einsetzen k\u00f6nnen, passt sich Ihren spezifischen Bed\u00fcrfnissen an und stellt sicher, dass Sie Ihren Kunden stets Fisch in bester Qualit\u00e4t anbieten k\u00f6nnen.  <\/p>\n\n\n\n<h4 class=\"wp-block-heading\">Unsere Philosophie<\/h4>\n\n\n\n<p>Bei Top Fish glauben wir daran, Produkte von h\u00f6chster Qualit\u00e4t zu liefern, indem wir traditionelle Handwerkskunst mit einer Leidenschaft f\u00fcr Fisch verbinden. Unser Streben nach Perfektion zeigt sich in jedem Filet, das wir produzieren. Ob hochwertiger Steinbutt oder zarte Seezunge, unsere Filetierer behandeln jeden Fisch mit der gleichen Sorgfalt und Pr\u00e4zision. Dank unserer modernen Filetiermaschinen k\u00f6nnen wir auch gr\u00f6\u00dfere Mengen mit der gleichen Hingabe und Genauigkeit bew\u00e4ltigen.   <\/p>\n\n\n\n<h4 class=\"wp-block-heading\">Bitte kontaktieren Sie uns<\/h4>\n\n\n\n<p>Haben Sie Interesse an unserem Filetierservice? Bitte kontaktieren Sie uns f\u00fcr weitere Informationen oder ein Angebot. Wir sind bereit, Ihnen zu helfen und sicherzustellen, dass Sie immer Fisch in bester Qualit\u00e4t erhalten, genau so, wie Sie es sich w\u00fcnschen.  <\/p>\n\n\n\n<p>W\u00e4hlen Sie Top Fish f\u00fcr stets fachm\u00e4nnisch und sorgf\u00e4ltig filetierte Fische.<\/p>\n<\/div><\/div><\/div>\n\n\n\n<div class=\"wp-block-stackable-column stk-block-column stk-column stk-block stk-9bd02cf\" data-v=\"4\" data-block-id=\"9bd02cf\"><style>.stk-9bd02cf{align-self:flex-start !important}<\/style><div class=\"stk-column-wrapper stk-block-column__content stk-container stk-9bd02cf-container stk--no-background stk--no-padding\"><div class=\"stk-block-content stk-inner-blocks stk-9bd02cf-inner-blocks\">\n<div class=\"wp-block-stackable-carousel stk-block-carousel stk--is-slide stk--arrows-justify-space-between stk--arrows-align-center stk-block stk-8e3c3bd\" data-slides-to-show=\"\" data-block-id=\"8e3c3bd\"><div class=\"stk-block-carousel__content-wrapper\"><div class=\"stk-row stk-inner-blocks stk-block-content stk-block-carousel__slider-wrapper stk-content-align stk-8e3c3bd-column\"><div class=\"stk-block-carousel__slider\" role=\"list\" data-autoplay=\"4000\" data-label-slide-of=\"Slide %%d of %%d\">\n<div class=\"wp-block-stackable-column stk-block-column stk-column stk-block stk-7780aec\" data-v=\"4\" data-block-id=\"7780aec\"><div class=\"stk-column-wrapper stk-block-column__content stk-container stk-7780aec-container stk--no-background stk--no-padding\"><div class=\"stk-block-content stk-inner-blocks stk-7780aec-inner-blocks\">\n<div class=\"wp-block-stackable-image stk-block-image stk-block stk-08ae303\" data-block-id=\"08ae303\"><figure><span class=\"stk-img-wrapper stk-image--shape-stretch\"><img decoding=\"async\" class=\"stk-img wp-image-2836\" src=\"https:\/\/topfishseafood.nl\/wp-content\/uploads\/2024\/07\/DSC00406.jpg\" width=\"1920\" height=\"1280\" srcset=\"https:\/\/topfishseafood.nl\/wp-content\/uploads\/2024\/07\/DSC00406.jpg 1920w, https:\/\/topfishseafood.nl\/wp-content\/uploads\/2024\/07\/DSC00406-300x200.jpg 300w, https:\/\/topfishseafood.nl\/wp-content\/uploads\/2024\/07\/DSC00406-1024x683.jpg 1024w, https:\/\/topfishseafood.nl\/wp-content\/uploads\/2024\/07\/DSC00406-768x512.jpg 768w, https:\/\/topfishseafood.nl\/wp-content\/uploads\/2024\/07\/DSC00406-1536x1024.jpg 1536w\" sizes=\"(max-width: 1920px) 100vw, 1920px\" \/><\/span><\/figure><\/div>\n<\/div><\/div><\/div>\n\n\n\n<div class=\"wp-block-stackable-column stk-block-column stk-column stk-block stk-54ca2cf\" data-v=\"4\" data-block-id=\"54ca2cf\"><div class=\"stk-column-wrapper stk-block-column__content stk-container stk-54ca2cf-container stk--no-background stk--no-padding\"><div class=\"stk-block-content stk-inner-blocks stk-54ca2cf-inner-blocks\">\n<div class=\"wp-block-stackable-image stk-block-image stk-block stk-885c52b\" data-block-id=\"885c52b\"><figure><span class=\"stk-img-wrapper stk-image--shape-stretch\"><img decoding=\"async\" class=\"stk-img wp-image-2833\" src=\"https:\/\/topfishseafood.nl\/wp-content\/uploads\/2024\/07\/DSC00366.jpg\" width=\"1920\" height=\"1280\" srcset=\"https:\/\/topfishseafood.nl\/wp-content\/uploads\/2024\/07\/DSC00366.jpg 1920w, https:\/\/topfishseafood.nl\/wp-content\/uploads\/2024\/07\/DSC00366-300x200.jpg 300w, https:\/\/topfishseafood.nl\/wp-content\/uploads\/2024\/07\/DSC00366-1024x683.jpg 1024w, https:\/\/topfishseafood.nl\/wp-content\/uploads\/2024\/07\/DSC00366-768x512.jpg 768w, https:\/\/topfishseafood.nl\/wp-content\/uploads\/2024\/07\/DSC00366-1536x1024.jpg 1536w\" sizes=\"(max-width: 1920px) 100vw, 1920px\" \/><\/span><\/figure><\/div>\n<\/div><\/div><\/div>\n\n\n\n<div class=\"wp-block-stackable-column stk-block-column stk-column stk-block stk-134ba9b\" data-v=\"4\" data-block-id=\"134ba9b\"><div class=\"stk-column-wrapper stk-block-column__content stk-container stk-134ba9b-container stk--no-background stk--no-padding\"><div class=\"stk-block-content stk-inner-blocks stk-134ba9b-inner-blocks\">\n<div class=\"wp-block-stackable-image stk-block-image stk-block stk-dee4b32\" data-block-id=\"dee4b32\"><figure><span class=\"stk-img-wrapper stk-image--shape-stretch\"><img decoding=\"async\" class=\"stk-img wp-image-2830\" src=\"https:\/\/topfishseafood.nl\/wp-content\/uploads\/2024\/07\/DSC00246.jpg\" width=\"1920\" height=\"1280\" srcset=\"https:\/\/topfishseafood.nl\/wp-content\/uploads\/2024\/07\/DSC00246.jpg 1920w, https:\/\/topfishseafood.nl\/wp-content\/uploads\/2024\/07\/DSC00246-300x200.jpg 300w, https:\/\/topfishseafood.nl\/wp-content\/uploads\/2024\/07\/DSC00246-1024x683.jpg 1024w, https:\/\/topfishseafood.nl\/wp-content\/uploads\/2024\/07\/DSC00246-768x512.jpg 768w, https:\/\/topfishseafood.nl\/wp-content\/uploads\/2024\/07\/DSC00246-1536x1024.jpg 1536w\" sizes=\"(max-width: 1920px) 100vw, 1920px\" \/><\/span><\/figure><\/div>\n<\/div><\/div><\/div>\n\n\n\n<div class=\"wp-block-stackable-column stk-block-column stk-column stk-block stk-3103e37\" data-v=\"4\" data-block-id=\"3103e37\"><div class=\"stk-column-wrapper stk-block-column__content stk-container stk-3103e37-container stk--no-background stk--no-padding\"><div class=\"stk-block-content stk-inner-blocks stk-3103e37-inner-blocks\">\n<div class=\"wp-block-stackable-image stk-block-image stk-block stk-60ebfeb\" data-block-id=\"60ebfeb\"><figure><span class=\"stk-img-wrapper stk-image--shape-stretch\"><img decoding=\"async\" class=\"stk-img wp-image-2832\" src=\"https:\/\/topfishseafood.nl\/wp-content\/uploads\/2024\/07\/DSC00338.jpg\" width=\"1920\" height=\"1280\" srcset=\"https:\/\/topfishseafood.nl\/wp-content\/uploads\/2024\/07\/DSC00338.jpg 1920w, https:\/\/topfishseafood.nl\/wp-content\/uploads\/2024\/07\/DSC00338-300x200.jpg 300w, https:\/\/topfishseafood.nl\/wp-content\/uploads\/2024\/07\/DSC00338-1024x683.jpg 1024w, https:\/\/topfishseafood.nl\/wp-content\/uploads\/2024\/07\/DSC00338-768x512.jpg 768w, https:\/\/topfishseafood.nl\/wp-content\/uploads\/2024\/07\/DSC00338-1536x1024.jpg 1536w\" sizes=\"(max-width: 1920px) 100vw, 1920px\" \/><\/span><\/figure><\/div>\n<\/div><\/div><\/div>\n\n\n\n<div class=\"wp-block-stackable-column stk-block-column stk-column stk-block stk-3b7eb7b\" data-v=\"4\" data-block-id=\"3b7eb7b\"><div class=\"stk-column-wrapper stk-block-column__content stk-container stk-3b7eb7b-container stk--no-background stk--no-padding\"><div class=\"stk-block-content stk-inner-blocks stk-3b7eb7b-inner-blocks\">\n<figure class=\"wp-block-image size-large\"><img decoding=\"async\" width=\"1024\" height=\"683\" src=\"https:\/\/topfishseafood.nl\/wp-content\/uploads\/2024\/07\/DSC00283-1-1024x683.jpg\" alt=\"\" class=\"wp-image-2842\" srcset=\"https:\/\/topfishseafood.nl\/wp-content\/uploads\/2024\/07\/DSC00283-1-1024x683.jpg 1024w, https:\/\/topfishseafood.nl\/wp-content\/uploads\/2024\/07\/DSC00283-1-300x200.jpg 300w, https:\/\/topfishseafood.nl\/wp-content\/uploads\/2024\/07\/DSC00283-1-768x512.jpg 768w\" sizes=\"(max-width: 1024px) 100vw, 1024px\" \/><\/figure>\n<\/div><\/div><\/div>\n\n\n\n<div class=\"wp-block-stackable-column stk-block-column stk-column stk-block stk-c828cc6\" data-v=\"4\" data-block-id=\"c828cc6\"><div class=\"stk-column-wrapper stk-block-column__content stk-container stk-c828cc6-container stk--no-background stk--no-padding\"><div class=\"stk-block-content stk-inner-blocks stk-c828cc6-inner-blocks\">\n<figure class=\"wp-block-image size-large\"><img decoding=\"async\" width=\"1024\" height=\"683\" src=\"https:\/\/topfishseafood.nl\/wp-content\/uploads\/2024\/07\/DSC00297-1024x683.jpg\" alt=\"\" class=\"wp-image-2843\" srcset=\"https:\/\/topfishseafood.nl\/wp-content\/uploads\/2024\/07\/DSC00297-1024x683.jpg 1024w, https:\/\/topfishseafood.nl\/wp-content\/uploads\/2024\/07\/DSC00297-300x200.jpg 300w, https:\/\/topfishseafood.nl\/wp-content\/uploads\/2024\/07\/DSC00297-768x512.jpg 768w\" sizes=\"(max-width: 1024px) 100vw, 1024px\" \/><\/figure>\n<\/div><\/div><\/div>\n<\/div><div class=\"stk-block-carousel__buttons\"><button class=\"stk-block-carousel__button stk-block-carousel__button__prev\" aria-label=\"Previous slide\"><svg aria-hidden=\"true\" focusable=\"false\" data-prefix=\"fas\" data-icon=\"chevron-left\" class=\"svg-inline--fa fa-chevron-left\" xmlns=\"http:\/\/www.w3.org\/2000\/svg\" viewBox=\"0 0 320 512\" width=\"32\" height=\"32\"><path d=\"M34.52 239.03L228.87 44.69c9.37-9.37 24.57-9.37 33.94 0l22.67 22.67c9.36 9.36 9.37 24.52.04 33.9L131.49 256l154.02 154.75c9.34 9.38 9.32 24.54-.04 33.9l-22.67 22.67c-9.37 9.37-24.57 9.37-33.94 0L34.52 272.97c-9.37-9.37-9.37-24.57 0-33.94z\"><\/path><\/svg><\/button><button class=\"stk-block-carousel__button stk-block-carousel__button__next\" aria-label=\"Next slide\"><svg aria-hidden=\"true\" focusable=\"false\" data-prefix=\"fas\" data-icon=\"chevron-right\" class=\"svg-inline--fa fa-chevron-right\" xmlns=\"http:\/\/www.w3.org\/2000\/svg\" viewBox=\"0 0 320 512\" width=\"32\" height=\"32\"><path d=\"M285.476 272.971L91.132 467.314c-9.373 9.373-24.569 9.373-33.941 0l-22.667-22.667c-9.357-9.357-9.375-24.522-.04-33.901L188.505 256 34.484 101.255c-9.335-9.379-9.317-24.544.04-33.901l22.667-22.667c9.373-9.373 24.569-9.373 33.941 0L285.475 239.03c9.373 9.372 9.373 24.568.001 33.941z\"><\/path><\/svg><\/button><\/div><\/div><div class=\"stk-block-carousel__dots\" role=\"list\" data-label=\"Slide %%d\"><\/div><\/div><\/div>\n<\/div><\/div><\/div>\n<\/div><\/div>\n\n<div style=\"height:100px\" aria-hidden=\"true\" class=\"wp-block-spacer\"><\/div>\n","protected":false},"excerpt":{"rendered":"<p>Filetieren von Spitzenfischen: Handwerkskunst und Leidenschaft Bei Top Fish steht Handwerkskunst an erster Stelle, insbesondere wenn es um das Filetieren von Fisch geht. Mit jahrelanger Erfahrung im manuellen Filetieren verschiedener Fischarten bieten wir ein Ma\u00df an Pr\u00e4zision und Sorgfalt, mit dem keine Filetiermaschine mithalten kann. Unser Team aus Filetierexperten nutzt traditionelle Techniken, um sicherzustellen, dass [&hellip;]<\/p>\n","protected":false},"author":2,"featured_media":0,"parent":3053,"menu_order":0,"comment_status":"closed","ping_status":"closed","template":"","meta":{"footnotes":""},"class_list":["post-3057","page","type-page","status-publish","hentry"],"blocksy_meta":[],"featured_image_urls_v2":{"full":"","thumbnail":"","medium":"","medium_large":"","large":"","1536x1536":"","2048x2048":"","gform-image-choice-sm":"","gform-image-choice-md":"","gform-image-choice-lg":""},"post_excerpt_stackable_v2":"<p>Filetieren von Spitzenfischen: Handwerkskunst und Leidenschaft Bei Top Fish steht Handwerkskunst an erster Stelle, insbesondere wenn es um das Filetieren von Fisch geht. Mit jahrelanger Erfahrung im manuellen Filetieren verschiedener Fischarten bieten wir ein Ma\u00df an Pr\u00e4zision und Sorgfalt, mit dem keine Filetiermaschine mithalten kann. Unser Team aus Filetierexperten nutzt traditionelle Techniken, um sicherzustellen, dass jedes Filet perfekt ist, ohne Abfall und die beste Qualit\u00e4t erhalten bleibt. Warum manuell filetieren? Das manuelle Filetieren von Fisch hat gegen\u00fcber dem maschinellen Filetieren viele Vorteile. Unsere erfahrenen Filetierer verf\u00fcgen \u00fcber das K\u00f6nnen und Wissen, um jede Fischart optimal zu verarbeiten und dabei ihre&hellip;<\/p>\n","category_list_v2":"","author_info_v2":{"name":"spikker","url":"https:\/\/topfishseafood.nl\/de\/author\/spikker\/"},"comments_num_v2":"0 comments","yoast_head":"<!-- This site is optimized with the Yoast SEO plugin v26.3 - https:\/\/yoast.com\/wordpress\/plugins\/seo\/ -->\n<title>Filetieren - Top Fish Seafood<\/title>\n<meta name=\"robots\" content=\"index, follow, max-snippet:-1, max-image-preview:large, max-video-preview:-1\" \/>\n<link rel=\"canonical\" href=\"https:\/\/topfishseafood.nl\/de\/ueber-uns\/filetieren\/\" \/>\n<meta property=\"og:locale\" content=\"de_DE\" \/>\n<meta property=\"og:type\" content=\"article\" \/>\n<meta property=\"og:title\" content=\"Filetieren - Top Fish Seafood\" \/>\n<meta property=\"og:description\" content=\"Filetieren von Spitzenfischen: Handwerkskunst und Leidenschaft Bei Top Fish steht Handwerkskunst an erster Stelle, insbesondere wenn es um das Filetieren von Fisch geht. Mit jahrelanger Erfahrung im manuellen Filetieren verschiedener Fischarten bieten wir ein Ma\u00df an Pr\u00e4zision und Sorgfalt, mit dem keine Filetiermaschine mithalten kann. Unser Team aus Filetierexperten nutzt traditionelle Techniken, um sicherzustellen, dass [&hellip;]\" \/>\n<meta property=\"og:url\" content=\"https:\/\/topfishseafood.nl\/de\/ueber-uns\/filetieren\/\" \/>\n<meta property=\"og:site_name\" content=\"Top Fish Seafood\" \/>\n<meta property=\"article:modified_time\" content=\"2024-08-28T14:21:15+00:00\" \/>\n<meta property=\"og:image\" content=\"https:\/\/topfishseafood.nl\/wp-content\/uploads\/2024\/07\/DSC00406.jpg\" \/>\n<meta name=\"twitter:card\" content=\"summary_large_image\" \/>\n<meta name=\"twitter:label1\" content=\"Gesch\u00e4tzte Lesezeit\" \/>\n\t<meta name=\"twitter:data1\" content=\"2\u00a0Minuten\" \/>\n<script type=\"application\/ld+json\" class=\"yoast-schema-graph\">{\"@context\":\"https:\/\/schema.org\",\"@graph\":[{\"@type\":\"WebPage\",\"@id\":\"https:\/\/topfishseafood.nl\/de\/ueber-uns\/filetieren\/\",\"url\":\"https:\/\/topfishseafood.nl\/de\/ueber-uns\/filetieren\/\",\"name\":\"Filetieren - Top Fish Seafood\",\"isPartOf\":{\"@id\":\"https:\/\/topfishseafood.nl\/de\/#website\"},\"primaryImageOfPage\":{\"@id\":\"https:\/\/topfishseafood.nl\/de\/ueber-uns\/filetieren\/#primaryimage\"},\"image\":{\"@id\":\"https:\/\/topfishseafood.nl\/de\/ueber-uns\/filetieren\/#primaryimage\"},\"thumbnailUrl\":\"https:\/\/topfishseafood.nl\/wp-content\/uploads\/2024\/07\/DSC00406.jpg\",\"datePublished\":\"2024-07-26T08:03:16+00:00\",\"dateModified\":\"2024-08-28T14:21:15+00:00\",\"breadcrumb\":{\"@id\":\"https:\/\/topfishseafood.nl\/de\/ueber-uns\/filetieren\/#breadcrumb\"},\"inLanguage\":\"de\",\"potentialAction\":[{\"@type\":\"ReadAction\",\"target\":[\"https:\/\/topfishseafood.nl\/de\/ueber-uns\/filetieren\/\"]}]},{\"@type\":\"ImageObject\",\"inLanguage\":\"de\",\"@id\":\"https:\/\/topfishseafood.nl\/de\/ueber-uns\/filetieren\/#primaryimage\",\"url\":\"https:\/\/topfishseafood.nl\/wp-content\/uploads\/2024\/07\/DSC00406.jpg\",\"contentUrl\":\"https:\/\/topfishseafood.nl\/wp-content\/uploads\/2024\/07\/DSC00406.jpg\"},{\"@type\":\"BreadcrumbList\",\"@id\":\"https:\/\/topfishseafood.nl\/de\/ueber-uns\/filetieren\/#breadcrumb\",\"itemListElement\":[{\"@type\":\"ListItem\",\"position\":1,\"name\":\"Home\",\"item\":\"https:\/\/topfishseafood.nl\/de\/\"},{\"@type\":\"ListItem\",\"position\":2,\"name\":\"\u00dcber uns\",\"item\":\"https:\/\/topfishseafood.nl\/de\/ueber-uns\/\"},{\"@type\":\"ListItem\",\"position\":3,\"name\":\"Filetieren\"}]},{\"@type\":\"WebSite\",\"@id\":\"https:\/\/topfishseafood.nl\/de\/#website\",\"url\":\"https:\/\/topfishseafood.nl\/de\/\",\"name\":\"Top Fish Seafood\",\"description\":\"\",\"publisher\":{\"@id\":\"https:\/\/topfishseafood.nl\/de\/#organization\"},\"potentialAction\":[{\"@type\":\"SearchAction\",\"target\":{\"@type\":\"EntryPoint\",\"urlTemplate\":\"https:\/\/topfishseafood.nl\/de\/?s={search_term_string}\"},\"query-input\":{\"@type\":\"PropertyValueSpecification\",\"valueRequired\":true,\"valueName\":\"search_term_string\"}}],\"inLanguage\":\"de\"},{\"@type\":\"Organization\",\"@id\":\"https:\/\/topfishseafood.nl\/de\/#organization\",\"name\":\"Top Fish Seafood\",\"url\":\"https:\/\/topfishseafood.nl\/de\/\",\"logo\":{\"@type\":\"ImageObject\",\"inLanguage\":\"de\",\"@id\":\"https:\/\/topfishseafood.nl\/de\/#\/schema\/logo\/image\/\",\"url\":\"https:\/\/topfishseafood.nl\/wp-content\/uploads\/2024\/06\/Top-Fish_fc_Nieuw-1.svg\",\"contentUrl\":\"https:\/\/topfishseafood.nl\/wp-content\/uploads\/2024\/06\/Top-Fish_fc_Nieuw-1.svg\",\"caption\":\"Top Fish Seafood\"},\"image\":{\"@id\":\"https:\/\/topfishseafood.nl\/de\/#\/schema\/logo\/image\/\"}}]}<\/script>\n<!-- \/ Yoast SEO plugin. -->","yoast_head_json":{"title":"Filetieren - Top Fish Seafood","robots":{"index":"index","follow":"follow","max-snippet":"max-snippet:-1","max-image-preview":"max-image-preview:large","max-video-preview":"max-video-preview:-1"},"canonical":"https:\/\/topfishseafood.nl\/de\/ueber-uns\/filetieren\/","og_locale":"de_DE","og_type":"article","og_title":"Filetieren - Top Fish Seafood","og_description":"Filetieren von Spitzenfischen: Handwerkskunst und Leidenschaft Bei Top Fish steht Handwerkskunst an erster Stelle, insbesondere wenn es um das Filetieren von Fisch geht. Mit jahrelanger Erfahrung im manuellen Filetieren verschiedener Fischarten bieten wir ein Ma\u00df an Pr\u00e4zision und Sorgfalt, mit dem keine Filetiermaschine mithalten kann. Unser Team aus Filetierexperten nutzt traditionelle Techniken, um sicherzustellen, dass [&hellip;]","og_url":"https:\/\/topfishseafood.nl\/de\/ueber-uns\/filetieren\/","og_site_name":"Top Fish Seafood","article_modified_time":"2024-08-28T14:21:15+00:00","og_image":[{"url":"https:\/\/topfishseafood.nl\/wp-content\/uploads\/2024\/07\/DSC00406.jpg","type":"","width":"","height":""}],"twitter_card":"summary_large_image","twitter_misc":{"Gesch\u00e4tzte Lesezeit":"2\u00a0Minuten"},"schema":{"@context":"https:\/\/schema.org","@graph":[{"@type":"WebPage","@id":"https:\/\/topfishseafood.nl\/de\/ueber-uns\/filetieren\/","url":"https:\/\/topfishseafood.nl\/de\/ueber-uns\/filetieren\/","name":"Filetieren - Top Fish Seafood","isPartOf":{"@id":"https:\/\/topfishseafood.nl\/de\/#website"},"primaryImageOfPage":{"@id":"https:\/\/topfishseafood.nl\/de\/ueber-uns\/filetieren\/#primaryimage"},"image":{"@id":"https:\/\/topfishseafood.nl\/de\/ueber-uns\/filetieren\/#primaryimage"},"thumbnailUrl":"https:\/\/topfishseafood.nl\/wp-content\/uploads\/2024\/07\/DSC00406.jpg","datePublished":"2024-07-26T08:03:16+00:00","dateModified":"2024-08-28T14:21:15+00:00","breadcrumb":{"@id":"https:\/\/topfishseafood.nl\/de\/ueber-uns\/filetieren\/#breadcrumb"},"inLanguage":"de","potentialAction":[{"@type":"ReadAction","target":["https:\/\/topfishseafood.nl\/de\/ueber-uns\/filetieren\/"]}]},{"@type":"ImageObject","inLanguage":"de","@id":"https:\/\/topfishseafood.nl\/de\/ueber-uns\/filetieren\/#primaryimage","url":"https:\/\/topfishseafood.nl\/wp-content\/uploads\/2024\/07\/DSC00406.jpg","contentUrl":"https:\/\/topfishseafood.nl\/wp-content\/uploads\/2024\/07\/DSC00406.jpg"},{"@type":"BreadcrumbList","@id":"https:\/\/topfishseafood.nl\/de\/ueber-uns\/filetieren\/#breadcrumb","itemListElement":[{"@type":"ListItem","position":1,"name":"Home","item":"https:\/\/topfishseafood.nl\/de\/"},{"@type":"ListItem","position":2,"name":"\u00dcber uns","item":"https:\/\/topfishseafood.nl\/de\/ueber-uns\/"},{"@type":"ListItem","position":3,"name":"Filetieren"}]},{"@type":"WebSite","@id":"https:\/\/topfishseafood.nl\/de\/#website","url":"https:\/\/topfishseafood.nl\/de\/","name":"Top Fish Seafood","description":"","publisher":{"@id":"https:\/\/topfishseafood.nl\/de\/#organization"},"potentialAction":[{"@type":"SearchAction","target":{"@type":"EntryPoint","urlTemplate":"https:\/\/topfishseafood.nl\/de\/?s={search_term_string}"},"query-input":{"@type":"PropertyValueSpecification","valueRequired":true,"valueName":"search_term_string"}}],"inLanguage":"de"},{"@type":"Organization","@id":"https:\/\/topfishseafood.nl\/de\/#organization","name":"Top Fish Seafood","url":"https:\/\/topfishseafood.nl\/de\/","logo":{"@type":"ImageObject","inLanguage":"de","@id":"https:\/\/topfishseafood.nl\/de\/#\/schema\/logo\/image\/","url":"https:\/\/topfishseafood.nl\/wp-content\/uploads\/2024\/06\/Top-Fish_fc_Nieuw-1.svg","contentUrl":"https:\/\/topfishseafood.nl\/wp-content\/uploads\/2024\/06\/Top-Fish_fc_Nieuw-1.svg","caption":"Top Fish Seafood"},"image":{"@id":"https:\/\/topfishseafood.nl\/de\/#\/schema\/logo\/image\/"}}]}},"_links":{"self":[{"href":"https:\/\/topfishseafood.nl\/de\/wp-json\/wp\/v2\/pages\/3057","targetHints":{"allow":["GET"]}}],"collection":[{"href":"https:\/\/topfishseafood.nl\/de\/wp-json\/wp\/v2\/pages"}],"about":[{"href":"https:\/\/topfishseafood.nl\/de\/wp-json\/wp\/v2\/types\/page"}],"author":[{"embeddable":true,"href":"https:\/\/topfishseafood.nl\/de\/wp-json\/wp\/v2\/users\/2"}],"replies":[{"embeddable":true,"href":"https:\/\/topfishseafood.nl\/de\/wp-json\/wp\/v2\/comments?post=3057"}],"version-history":[{"count":1,"href":"https:\/\/topfishseafood.nl\/de\/wp-json\/wp\/v2\/pages\/3057\/revisions"}],"predecessor-version":[{"id":3058,"href":"https:\/\/topfishseafood.nl\/de\/wp-json\/wp\/v2\/pages\/3057\/revisions\/3058"}],"up":[{"embeddable":true,"href":"https:\/\/topfishseafood.nl\/de\/wp-json\/wp\/v2\/pages\/3053"}],"wp:attachment":[{"href":"https:\/\/topfishseafood.nl\/de\/wp-json\/wp\/v2\/media?parent=3057"}],"curies":[{"name":"wp","href":"https:\/\/api.w.org\/{rel}","templated":true}]}}