{"id":3061,"date":"2024-07-30T14:21:09","date_gmt":"2024-07-30T14:21:09","guid":{"rendered":"https:\/\/topfishseafood.nl\/ueber-uns\/verkauf\/"},"modified":"2024-08-28T14:31:29","modified_gmt":"2024-08-28T14:31:29","slug":"verkauf","status":"publish","type":"page","link":"https:\/\/topfishseafood.nl\/de\/ueber-uns\/verkauf\/","title":{"rendered":"Verkauf"},"content":{"rendered":"\n<div class=\"wp-block-stackable-columns stk-block-columns stk-block stk-8fbc9c1\" data-block-id=\"8fbc9c1\"><div class=\"stk-row stk-inner-blocks stk-block-content stk-content-align stk-8fbc9c1-column\">\n<div class=\"wp-block-stackable-column stk-block-column stk-column stk-block stk-f34ccbd\" data-v=\"4\" data-block-id=\"f34ccbd\"><div class=\"stk-column-wrapper stk-block-column__content stk-container stk-f34ccbd-container stk--no-background stk--no-padding\"><div class=\"stk-block-content stk-inner-blocks stk-f34ccbd-inner-blocks\">\n<h3 class=\"wp-block-heading\">Verkauf von frischem Fisch und Filet bei Top Fish<\/h3>\n\n\n\n<p>Bei Top Fish k\u00f6nnen Sie sich auf die t\u00e4gliche Lieferung der besten, frischen und qualitativ hochwertigen Fische und Filets verlassen. Dank unserer sorgf\u00e4ltigen Beschaffung von Fisch h\u00f6chster Qualit\u00e4t und dem Fachwissen unserer erfahrenen Mitarbeiter garantieren wir, dass unsere Kunden immer das Beste vom Besten bekommen. <\/p>\n\n\n\n<h4 class=\"wp-block-heading\">T\u00e4glich frischer Fisch und Filet<\/h4>\n\n\n\n<p>Wir sind bestrebt, jeden Tag frischen Fisch und Filets von au\u00dfergew\u00f6hnlicher Qualit\u00e4t zu liefern. Indem wir nur den besten Fisch kaufen und das Fachwissen unserer Mitarbeiter nutzen, stellen wir sicher, dass jedes Produkt, das unsere T\u00fcren verl\u00e4sst, den h\u00f6chsten Standards entspricht. Frische und Qualit\u00e4t stehen bei uns stets an erster Stelle.  <\/p>\n\n\n\n<h4 class=\"wp-block-heading\">Spezialisierung auf Plattfische<\/h4>\n\n\n\n<p>Top Fish ist auf die Lieferung verschiedener Plattfischarten spezialisiert, darunter Steinbutt, Scholle und Seezunge. Diese Fischarten sind f\u00fcr ihren delikaten Geschmack bekannt und werden von K\u00f6chen und Privatanwendern gleicherma\u00dfen geliebt. Unsere erfahrenen Filetierer sorgen daf\u00fcr, dass jeder Fisch perfekt filetiert wird, damit Sie ein optimales Geschmackserlebnis genie\u00dfen k\u00f6nnen.  <\/p>\n\n\n\n<h4 class=\"wp-block-heading\">Unsere Arbeitsweise<\/h4>\n\n\n\n<p>Wir arbeiten eng mit vertrauensw\u00fcrdigen Lieferanten zusammen, um den besten Fisch auszuw\u00e4hlen. Anschlie\u00dfend wird der Fisch von unseren erfahrenen Mitarbeitern sorgf\u00e4ltig verarbeitet und filetiert. Dies garantiert nicht nur Frische, sondern auch h\u00f6chste Qualit\u00e4t, die unsere Kunden von uns erwarten.  <\/p>\n\n\n\n<h4 class=\"wp-block-heading\">Bitte kontaktieren Sie uns<\/h4>\n\n\n\n<p>Sind Sie auf der Suche nach frischem Fisch und Filet von h\u00f6chster Qualit\u00e4t? Kontaktieren Sie uns f\u00fcr weitere Informationen zu unserem Sortiment und unseren Lieferm\u00f6glichkeiten. Unser Team ist bereit, Sie mit den besten Meeresfr\u00fcchteprodukten zu versorgen, die der Markt zu bieten hat.  <\/p>\n\n\n\n<p>W\u00e4hlen Sie Top Fish f\u00fcr frischen Fisch und Filets von h\u00f6chster Qualit\u00e4t, mit Spezialisierung auf k\u00f6stlichen Plattfisch.<\/p>\n<\/div><\/div><\/div>\n\n\n\n<div class=\"wp-block-stackable-column stk-block-column stk-column stk-block stk-528fa7e\" data-v=\"4\" data-block-id=\"528fa7e\"><style>.stk-528fa7e{align-self:center !important}<\/style><div class=\"stk-column-wrapper stk-block-column__content stk-container stk-528fa7e-container stk--no-background stk--no-padding\"><div class=\"stk-block-content stk-inner-blocks stk-528fa7e-inner-blocks\">\n<div class=\"wp-block-stackable-carousel stk-block-carousel stk--is-slide stk--arrows-justify-space-between stk--arrows-align-center stk-block stk-8e3c3bd\" data-slides-to-show=\"\" data-block-id=\"8e3c3bd\"><div class=\"stk-block-carousel__content-wrapper\"><div class=\"stk-row stk-inner-blocks stk-block-content stk-block-carousel__slider-wrapper stk-content-align stk-8e3c3bd-column\"><div class=\"stk-block-carousel__slider\" role=\"list\" data-autoplay=\"4000\" data-label-slide-of=\"Slide %%d of %%d\">\n<div class=\"wp-block-stackable-column stk-block-column stk-column stk-block stk-54ca2cf\" data-v=\"4\" data-block-id=\"54ca2cf\"><div class=\"stk-column-wrapper stk-block-column__content stk-container stk-54ca2cf-container stk--no-background stk--no-padding\"><div class=\"stk-block-content stk-inner-blocks stk-54ca2cf-inner-blocks\">\n<div class=\"wp-block-stackable-image stk-block-image stk-block stk-885c52b\" data-block-id=\"885c52b\"><figure><span class=\"stk-img-wrapper stk-image--shape-stretch\"><img decoding=\"async\" class=\"stk-img wp-image-2829\" src=\"https:\/\/topfishseafood.nl\/wp-content\/uploads\/2024\/07\/DSC00201.jpg\" width=\"1280\" height=\"1920\" srcset=\"https:\/\/topfishseafood.nl\/wp-content\/uploads\/2024\/07\/DSC00201.jpg 1280w, https:\/\/topfishseafood.nl\/wp-content\/uploads\/2024\/07\/DSC00201-200x300.jpg 200w, https:\/\/topfishseafood.nl\/wp-content\/uploads\/2024\/07\/DSC00201-683x1024.jpg 683w, https:\/\/topfishseafood.nl\/wp-content\/uploads\/2024\/07\/DSC00201-768x1152.jpg 768w, https:\/\/topfishseafood.nl\/wp-content\/uploads\/2024\/07\/DSC00201-1024x1536.jpg 1024w\" sizes=\"(max-width: 1280px) 100vw, 1280px\" \/><\/span><\/figure><\/div>\n<\/div><\/div><\/div>\n\n\n\n<div class=\"wp-block-stackable-column stk-block-column stk-column stk-block stk-134ba9b\" data-v=\"4\" data-block-id=\"134ba9b\"><div class=\"stk-column-wrapper stk-block-column__content stk-container stk-134ba9b-container stk--no-background stk--no-padding\"><div class=\"stk-block-content stk-inner-blocks stk-134ba9b-inner-blocks\">\n<div class=\"wp-block-stackable-image stk-block-image stk-block stk-dee4b32\" data-block-id=\"dee4b32\"><figure><span class=\"stk-img-wrapper stk-image--shape-stretch\"><img decoding=\"async\" class=\"stk-img wp-image-2835\" src=\"https:\/\/topfishseafood.nl\/wp-content\/uploads\/2024\/07\/DSC00397.jpg\" width=\"1280\" height=\"1920\" srcset=\"https:\/\/topfishseafood.nl\/wp-content\/uploads\/2024\/07\/DSC00397.jpg 1280w, https:\/\/topfishseafood.nl\/wp-content\/uploads\/2024\/07\/DSC00397-200x300.jpg 200w, https:\/\/topfishseafood.nl\/wp-content\/uploads\/2024\/07\/DSC00397-683x1024.jpg 683w, https:\/\/topfishseafood.nl\/wp-content\/uploads\/2024\/07\/DSC00397-768x1152.jpg 768w, https:\/\/topfishseafood.nl\/wp-content\/uploads\/2024\/07\/DSC00397-1024x1536.jpg 1024w\" sizes=\"(max-width: 1280px) 100vw, 1280px\" \/><\/span><\/figure><\/div>\n<\/div><\/div><\/div>\n<\/div><div class=\"stk-block-carousel__buttons\"><button class=\"stk-block-carousel__button stk-block-carousel__button__prev\" aria-label=\"Previous slide\"><svg aria-hidden=\"true\" focusable=\"false\" data-prefix=\"fas\" data-icon=\"chevron-left\" class=\"svg-inline--fa fa-chevron-left\" xmlns=\"http:\/\/www.w3.org\/2000\/svg\" viewBox=\"0 0 320 512\" width=\"32\" height=\"32\"><path d=\"M34.52 239.03L228.87 44.69c9.37-9.37 24.57-9.37 33.94 0l22.67 22.67c9.36 9.36 9.37 24.52.04 33.9L131.49 256l154.02 154.75c9.34 9.38 9.32 24.54-.04 33.9l-22.67 22.67c-9.37 9.37-24.57 9.37-33.94 0L34.52 272.97c-9.37-9.37-9.37-24.57 0-33.94z\"><\/path><\/svg><\/button><button class=\"stk-block-carousel__button stk-block-carousel__button__next\" aria-label=\"Next slide\"><svg aria-hidden=\"true\" focusable=\"false\" data-prefix=\"fas\" data-icon=\"chevron-right\" class=\"svg-inline--fa fa-chevron-right\" xmlns=\"http:\/\/www.w3.org\/2000\/svg\" viewBox=\"0 0 320 512\" width=\"32\" height=\"32\"><path d=\"M285.476 272.971L91.132 467.314c-9.373 9.373-24.569 9.373-33.941 0l-22.667-22.667c-9.357-9.357-9.375-24.522-.04-33.901L188.505 256 34.484 101.255c-9.335-9.379-9.317-24.544.04-33.901l22.667-22.667c9.373-9.373 24.569-9.373 33.941 0L285.475 239.03c9.373 9.372 9.373 24.568.001 33.941z\"><\/path><\/svg><\/button><\/div><\/div><div class=\"stk-block-carousel__dots\" role=\"list\" data-label=\"Slide %%d\"><\/div><\/div><\/div>\n<\/div><\/div><\/div>\n<\/div><\/div>\n\n<div style=\"height:100px\" aria-hidden=\"true\" class=\"wp-block-spacer\"><\/div>\n","protected":false},"excerpt":{"rendered":"<p>Verkauf von frischem Fisch und Filet bei Top Fish Bei Top Fish k\u00f6nnen Sie sich auf die t\u00e4gliche Lieferung der besten, frischen und qualitativ hochwertigen Fische und Filets verlassen. Dank unserer sorgf\u00e4ltigen Beschaffung von Fisch h\u00f6chster Qualit\u00e4t und dem Fachwissen unserer erfahrenen Mitarbeiter garantieren wir, dass unsere Kunden immer das Beste vom Besten bekommen. T\u00e4glich [&hellip;]<\/p>\n","protected":false},"author":2,"featured_media":0,"parent":3053,"menu_order":2,"comment_status":"closed","ping_status":"closed","template":"","meta":{"footnotes":""},"class_list":["post-3061","page","type-page","status-publish","hentry"],"blocksy_meta":[],"featured_image_urls_v2":{"full":"","thumbnail":"","medium":"","medium_large":"","large":"","1536x1536":"","2048x2048":"","gform-image-choice-sm":"","gform-image-choice-md":"","gform-image-choice-lg":""},"post_excerpt_stackable_v2":"<p>Verkauf von frischem Fisch und Filet bei Top Fish Bei Top Fish k\u00f6nnen Sie sich auf die t\u00e4gliche Lieferung der besten, frischen und qualitativ hochwertigen Fische und Filets verlassen. Dank unserer sorgf\u00e4ltigen Beschaffung von Fisch h\u00f6chster Qualit\u00e4t und dem Fachwissen unserer erfahrenen Mitarbeiter garantieren wir, dass unsere Kunden immer das Beste vom Besten bekommen. T\u00e4glich frischer Fisch und Filet Wir sind bestrebt, jeden Tag frischen Fisch und Filets von au\u00dfergew\u00f6hnlicher Qualit\u00e4t zu liefern. Indem wir nur den besten Fisch kaufen und das Fachwissen unserer Mitarbeiter nutzen, stellen wir sicher, dass jedes Produkt, das unsere T\u00fcren verl\u00e4sst, den h\u00f6chsten Standards entspricht.&hellip;<\/p>\n","category_list_v2":"","author_info_v2":{"name":"spikker","url":"https:\/\/topfishseafood.nl\/de\/author\/spikker\/"},"comments_num_v2":"0 comments","yoast_head":"<!-- This site is optimized with the Yoast SEO plugin v26.3 - https:\/\/yoast.com\/wordpress\/plugins\/seo\/ -->\n<title>Verkauf - Top Fish Seafood<\/title>\n<meta name=\"robots\" content=\"index, follow, max-snippet:-1, max-image-preview:large, max-video-preview:-1\" \/>\n<link rel=\"canonical\" href=\"https:\/\/topfishseafood.nl\/de\/ueber-uns\/verkauf\/\" \/>\n<meta property=\"og:locale\" content=\"de_DE\" \/>\n<meta property=\"og:type\" content=\"article\" \/>\n<meta property=\"og:title\" content=\"Verkauf - Top Fish Seafood\" \/>\n<meta property=\"og:description\" content=\"Verkauf von frischem Fisch und Filet bei Top Fish Bei Top Fish k\u00f6nnen Sie sich auf die t\u00e4gliche Lieferung der besten, frischen und qualitativ hochwertigen Fische und Filets verlassen. Dank unserer sorgf\u00e4ltigen Beschaffung von Fisch h\u00f6chster Qualit\u00e4t und dem Fachwissen unserer erfahrenen Mitarbeiter garantieren wir, dass unsere Kunden immer das Beste vom Besten bekommen. T\u00e4glich [&hellip;]\" \/>\n<meta property=\"og:url\" content=\"https:\/\/topfishseafood.nl\/de\/ueber-uns\/verkauf\/\" \/>\n<meta property=\"og:site_name\" content=\"Top Fish Seafood\" \/>\n<meta property=\"article:modified_time\" content=\"2024-08-28T14:31:29+00:00\" \/>\n<meta property=\"og:image\" content=\"https:\/\/topfishseafood.nl\/wp-content\/uploads\/2024\/07\/DSC00201.jpg\" \/>\n<meta name=\"twitter:card\" content=\"summary_large_image\" \/>\n<meta name=\"twitter:label1\" content=\"Gesch\u00e4tzte Lesezeit\" \/>\n\t<meta name=\"twitter:data1\" content=\"2\u00a0Minuten\" \/>\n<script type=\"application\/ld+json\" class=\"yoast-schema-graph\">{\"@context\":\"https:\/\/schema.org\",\"@graph\":[{\"@type\":\"WebPage\",\"@id\":\"https:\/\/topfishseafood.nl\/de\/ueber-uns\/verkauf\/\",\"url\":\"https:\/\/topfishseafood.nl\/de\/ueber-uns\/verkauf\/\",\"name\":\"Verkauf - Top Fish Seafood\",\"isPartOf\":{\"@id\":\"https:\/\/topfishseafood.nl\/de\/#website\"},\"primaryImageOfPage\":{\"@id\":\"https:\/\/topfishseafood.nl\/de\/ueber-uns\/verkauf\/#primaryimage\"},\"image\":{\"@id\":\"https:\/\/topfishseafood.nl\/de\/ueber-uns\/verkauf\/#primaryimage\"},\"thumbnailUrl\":\"https:\/\/topfishseafood.nl\/wp-content\/uploads\/2024\/07\/DSC00201.jpg\",\"datePublished\":\"2024-07-30T14:21:09+00:00\",\"dateModified\":\"2024-08-28T14:31:29+00:00\",\"breadcrumb\":{\"@id\":\"https:\/\/topfishseafood.nl\/de\/ueber-uns\/verkauf\/#breadcrumb\"},\"inLanguage\":\"de\",\"potentialAction\":[{\"@type\":\"ReadAction\",\"target\":[\"https:\/\/topfishseafood.nl\/de\/ueber-uns\/verkauf\/\"]}]},{\"@type\":\"ImageObject\",\"inLanguage\":\"de\",\"@id\":\"https:\/\/topfishseafood.nl\/de\/ueber-uns\/verkauf\/#primaryimage\",\"url\":\"https:\/\/topfishseafood.nl\/wp-content\/uploads\/2024\/07\/DSC00201.jpg\",\"contentUrl\":\"https:\/\/topfishseafood.nl\/wp-content\/uploads\/2024\/07\/DSC00201.jpg\"},{\"@type\":\"BreadcrumbList\",\"@id\":\"https:\/\/topfishseafood.nl\/de\/ueber-uns\/verkauf\/#breadcrumb\",\"itemListElement\":[{\"@type\":\"ListItem\",\"position\":1,\"name\":\"Home\",\"item\":\"https:\/\/topfishseafood.nl\/de\/\"},{\"@type\":\"ListItem\",\"position\":2,\"name\":\"\u00dcber uns\",\"item\":\"https:\/\/topfishseafood.nl\/de\/ueber-uns\/\"},{\"@type\":\"ListItem\",\"position\":3,\"name\":\"Verkauf\"}]},{\"@type\":\"WebSite\",\"@id\":\"https:\/\/topfishseafood.nl\/de\/#website\",\"url\":\"https:\/\/topfishseafood.nl\/de\/\",\"name\":\"Top Fish Seafood\",\"description\":\"\",\"publisher\":{\"@id\":\"https:\/\/topfishseafood.nl\/de\/#organization\"},\"potentialAction\":[{\"@type\":\"SearchAction\",\"target\":{\"@type\":\"EntryPoint\",\"urlTemplate\":\"https:\/\/topfishseafood.nl\/de\/?s={search_term_string}\"},\"query-input\":{\"@type\":\"PropertyValueSpecification\",\"valueRequired\":true,\"valueName\":\"search_term_string\"}}],\"inLanguage\":\"de\"},{\"@type\":\"Organization\",\"@id\":\"https:\/\/topfishseafood.nl\/de\/#organization\",\"name\":\"Top Fish Seafood\",\"url\":\"https:\/\/topfishseafood.nl\/de\/\",\"logo\":{\"@type\":\"ImageObject\",\"inLanguage\":\"de\",\"@id\":\"https:\/\/topfishseafood.nl\/de\/#\/schema\/logo\/image\/\",\"url\":\"https:\/\/topfishseafood.nl\/wp-content\/uploads\/2024\/06\/Top-Fish_fc_Nieuw-1.svg\",\"contentUrl\":\"https:\/\/topfishseafood.nl\/wp-content\/uploads\/2024\/06\/Top-Fish_fc_Nieuw-1.svg\",\"caption\":\"Top Fish Seafood\"},\"image\":{\"@id\":\"https:\/\/topfishseafood.nl\/de\/#\/schema\/logo\/image\/\"}}]}<\/script>\n<!-- \/ Yoast SEO plugin. -->","yoast_head_json":{"title":"Verkauf - Top Fish Seafood","robots":{"index":"index","follow":"follow","max-snippet":"max-snippet:-1","max-image-preview":"max-image-preview:large","max-video-preview":"max-video-preview:-1"},"canonical":"https:\/\/topfishseafood.nl\/de\/ueber-uns\/verkauf\/","og_locale":"de_DE","og_type":"article","og_title":"Verkauf - Top Fish Seafood","og_description":"Verkauf von frischem Fisch und Filet bei Top Fish Bei Top Fish k\u00f6nnen Sie sich auf die t\u00e4gliche Lieferung der besten, frischen und qualitativ hochwertigen Fische und Filets verlassen. Dank unserer sorgf\u00e4ltigen Beschaffung von Fisch h\u00f6chster Qualit\u00e4t und dem Fachwissen unserer erfahrenen Mitarbeiter garantieren wir, dass unsere Kunden immer das Beste vom Besten bekommen. T\u00e4glich [&hellip;]","og_url":"https:\/\/topfishseafood.nl\/de\/ueber-uns\/verkauf\/","og_site_name":"Top Fish Seafood","article_modified_time":"2024-08-28T14:31:29+00:00","og_image":[{"url":"https:\/\/topfishseafood.nl\/wp-content\/uploads\/2024\/07\/DSC00201.jpg","type":"","width":"","height":""}],"twitter_card":"summary_large_image","twitter_misc":{"Gesch\u00e4tzte Lesezeit":"2\u00a0Minuten"},"schema":{"@context":"https:\/\/schema.org","@graph":[{"@type":"WebPage","@id":"https:\/\/topfishseafood.nl\/de\/ueber-uns\/verkauf\/","url":"https:\/\/topfishseafood.nl\/de\/ueber-uns\/verkauf\/","name":"Verkauf - Top Fish Seafood","isPartOf":{"@id":"https:\/\/topfishseafood.nl\/de\/#website"},"primaryImageOfPage":{"@id":"https:\/\/topfishseafood.nl\/de\/ueber-uns\/verkauf\/#primaryimage"},"image":{"@id":"https:\/\/topfishseafood.nl\/de\/ueber-uns\/verkauf\/#primaryimage"},"thumbnailUrl":"https:\/\/topfishseafood.nl\/wp-content\/uploads\/2024\/07\/DSC00201.jpg","datePublished":"2024-07-30T14:21:09+00:00","dateModified":"2024-08-28T14:31:29+00:00","breadcrumb":{"@id":"https:\/\/topfishseafood.nl\/de\/ueber-uns\/verkauf\/#breadcrumb"},"inLanguage":"de","potentialAction":[{"@type":"ReadAction","target":["https:\/\/topfishseafood.nl\/de\/ueber-uns\/verkauf\/"]}]},{"@type":"ImageObject","inLanguage":"de","@id":"https:\/\/topfishseafood.nl\/de\/ueber-uns\/verkauf\/#primaryimage","url":"https:\/\/topfishseafood.nl\/wp-content\/uploads\/2024\/07\/DSC00201.jpg","contentUrl":"https:\/\/topfishseafood.nl\/wp-content\/uploads\/2024\/07\/DSC00201.jpg"},{"@type":"BreadcrumbList","@id":"https:\/\/topfishseafood.nl\/de\/ueber-uns\/verkauf\/#breadcrumb","itemListElement":[{"@type":"ListItem","position":1,"name":"Home","item":"https:\/\/topfishseafood.nl\/de\/"},{"@type":"ListItem","position":2,"name":"\u00dcber uns","item":"https:\/\/topfishseafood.nl\/de\/ueber-uns\/"},{"@type":"ListItem","position":3,"name":"Verkauf"}]},{"@type":"WebSite","@id":"https:\/\/topfishseafood.nl\/de\/#website","url":"https:\/\/topfishseafood.nl\/de\/","name":"Top Fish Seafood","description":"","publisher":{"@id":"https:\/\/topfishseafood.nl\/de\/#organization"},"potentialAction":[{"@type":"SearchAction","target":{"@type":"EntryPoint","urlTemplate":"https:\/\/topfishseafood.nl\/de\/?s={search_term_string}"},"query-input":{"@type":"PropertyValueSpecification","valueRequired":true,"valueName":"search_term_string"}}],"inLanguage":"de"},{"@type":"Organization","@id":"https:\/\/topfishseafood.nl\/de\/#organization","name":"Top Fish Seafood","url":"https:\/\/topfishseafood.nl\/de\/","logo":{"@type":"ImageObject","inLanguage":"de","@id":"https:\/\/topfishseafood.nl\/de\/#\/schema\/logo\/image\/","url":"https:\/\/topfishseafood.nl\/wp-content\/uploads\/2024\/06\/Top-Fish_fc_Nieuw-1.svg","contentUrl":"https:\/\/topfishseafood.nl\/wp-content\/uploads\/2024\/06\/Top-Fish_fc_Nieuw-1.svg","caption":"Top Fish Seafood"},"image":{"@id":"https:\/\/topfishseafood.nl\/de\/#\/schema\/logo\/image\/"}}]}},"_links":{"self":[{"href":"https:\/\/topfishseafood.nl\/de\/wp-json\/wp\/v2\/pages\/3061","targetHints":{"allow":["GET"]}}],"collection":[{"href":"https:\/\/topfishseafood.nl\/de\/wp-json\/wp\/v2\/pages"}],"about":[{"href":"https:\/\/topfishseafood.nl\/de\/wp-json\/wp\/v2\/types\/page"}],"author":[{"embeddable":true,"href":"https:\/\/topfishseafood.nl\/de\/wp-json\/wp\/v2\/users\/2"}],"replies":[{"embeddable":true,"href":"https:\/\/topfishseafood.nl\/de\/wp-json\/wp\/v2\/comments?post=3061"}],"version-history":[{"count":1,"href":"https:\/\/topfishseafood.nl\/de\/wp-json\/wp\/v2\/pages\/3061\/revisions"}],"predecessor-version":[{"id":3062,"href":"https:\/\/topfishseafood.nl\/de\/wp-json\/wp\/v2\/pages\/3061\/revisions\/3062"}],"up":[{"embeddable":true,"href":"https:\/\/topfishseafood.nl\/de\/wp-json\/wp\/v2\/pages\/3053"}],"wp:attachment":[{"href":"https:\/\/topfishseafood.nl\/de\/wp-json\/wp\/v2\/media?parent=3061"}],"curies":[{"name":"wp","href":"https:\/\/api.w.org\/{rel}","templated":true}]}}