{"id":3063,"date":"2024-06-21T10:42:04","date_gmt":"2024-06-21T10:42:04","guid":{"rendered":"https:\/\/topfishseafood.nl\/produkte\/"},"modified":"2024-08-29T13:12:29","modified_gmt":"2024-08-29T13:12:29","slug":"produkte","status":"publish","type":"page","link":"https:\/\/topfishseafood.nl\/de\/produkte\/","title":{"rendered":"Produkte"},"content":{"rendered":"\n<div class=\"wp-block-ugb-heading ugb-heading ugb-40a91a9 ugb-main-block ugb--has-custom-content-width-tablet\"><style>.ugb-40a91a9 .ugb-heading__title{text-transform:none !important;text-align:left;margin-bottom:30px !important}.ugb-40a91a9 .ugb-inner-block{text-align:left}@media screen and (max-width:1025px){.ugb-40a91a9.ugb-heading > .ugb-inner-block{max-width:100% !important}}<\/style><div class=\"ugb-inner-block\"><div class=\"ugb-block-content\"><h2 class=\"ugb-heading__title\">Produkte<\/h2><p class=\"ugb-heading__subtitle\">Top Fish Seafood steht f\u00fcr die Herstellung von Fischfilet auf h\u00f6chstem Niveau. Unsere Kunden stehen an erster Stelle und wir kaufen nur Fisch von absoluter Spitzenqualit\u00e4t. Durch Besuche bei unseren Kunden stellen wir sicher, dass ihre W\u00fcnsche richtig erfasst werden. Diese W\u00fcnsche setzen wir dann in die Produktion eines Spitzenprodukts um.   <br\/> <br\/>Wir sehen es als unsere Mission an, h\u00f6chste Qualit\u00e4t zu liefern. Die Zukunft von Top Fish ist untrennbar mit unserer Qualit\u00e4t verbunden. Top Fish ist auf die Verarbeitung von Plattfischen wie Scholle, Seezunge, Seezunge und Steinbutt spezialisiert. Aber auch f\u00fcr die Verarbeitung von Rundfischen wie Kabeljau, Wittling, Hecht und Zander k\u00f6nnen Sie sich an uns wenden.   <br\/> <br\/>Auf dieser Seite finden Sie zus\u00e4tzliche Informationen zu den beliebtesten Fischarten, die wir verarbeiten.<br\/> <\/p><\/div><\/div><\/div>\n\n<div class=\"wp-block-stackable-feature-grid alignwide stk-block-feature-grid stk-block-columns stk-block stk-a17e623 is-style-default\" data-block-id=\"a17e623\"><style>.stk-a17e623{padding-bottom:130px !important}<\/style><div class=\"stk-row stk-inner-blocks has-text-align-center stk-block-content stk-content-align stk-a17e623-column alignwide\">\n<div class=\"wp-block-stackable-column stk-block-column stk-column stk-block stk-459b135 product\" data-v=\"4\" data-block-id=\"459b135\"><style>.stk-459b135{align-self:stretch !important}@media screen and (min-width:690px) and (max-width:999px){.stk-459b135{flex:var(--stk-flex-grow,1) 1 calc(50% - var(--stk-column-gap,0px) * 1 \/ 2 ) !important}}<\/style><div class=\"stk-column-wrapper stk-block-column__content stk-container stk-459b135-container stk-hover-parent\"><div class=\"has-text-align-left has-text-align-left-tablet stk-block-content stk-inner-blocks stk-459b135-inner-blocks\">\n<div class=\"wp-block-stackable-image stk-block-image stk-block stk-d8094dc\" id=\"tong\" data-block-id=\"d8094dc\"><figure><span class=\"stk-img-wrapper stk-image--shape-stretch\"><img decoding=\"async\" class=\"stk-img wp-image-2714\" src=\"https:\/\/topfishseafood.nl\/wp-content\/uploads\/2024\/06\/shutterstock_160800722.jpg\" width=\"1000\" height=\"667\" srcset=\"https:\/\/topfishseafood.nl\/wp-content\/uploads\/2024\/06\/shutterstock_160800722.jpg 1000w, https:\/\/topfishseafood.nl\/wp-content\/uploads\/2024\/06\/shutterstock_160800722-300x200.jpg 300w, https:\/\/topfishseafood.nl\/wp-content\/uploads\/2024\/06\/shutterstock_160800722-768x512.jpg 768w\" sizes=\"(max-width: 1000px) 100vw, 1000px\" \/><\/span><\/figure><\/div>\n\n\n\n<div class=\"wp-block-stackable-heading stk-block-heading stk-block-heading--v2 stk-block stk-8b4bd1b\" id=\"tongschar\" data-block-id=\"8b4bd1b\"><h3 class=\"stk-block-heading__text\">Rotzunge<\/h3><\/div>\n\n\n\n<div class=\"wp-block-stackable-text stk-block-text stk-block stk-1df2f47\" data-block-id=\"1df2f47\"><p class=\"stk-block-text__text\">Die Rotzunge ist ein Plattfisch aus der Nordsee, der f\u00fcr sein zartes, wei\u00dfes Fleisch und seinen feinen Geschmack bekannt ist. Dieser Fisch ist eng mit der Seezunge verwandt und gilt als exklusives Produkt. Wir sind seit vielen Jahren der Spezialist f\u00fcr Zitronenzungen in Urk.  <\/p><\/div>\n<\/div><\/div><\/div>\n\n\n\n<div class=\"wp-block-stackable-column stk-block-column stk-column stk-block stk-9967f75 product\" data-v=\"4\" data-block-id=\"9967f75\"><style>.stk-9967f75{align-self:stretch !important}@media screen and (min-width:690px) and (max-width:999px){.stk-9967f75{flex:var(--stk-flex-grow,1) 1 calc(50% - var(--stk-column-gap,0px) * 1 \/ 2 ) !important}}<\/style><div class=\"stk-column-wrapper stk-block-column__content stk-container stk-9967f75-container stk-hover-parent\"><div class=\"has-text-align-left has-text-align-left-tablet stk-block-content stk-inner-blocks stk-9967f75-inner-blocks\">\n<div class=\"wp-block-stackable-image stk-block-image stk-block stk-c8f1f35\" id=\"tong\" data-block-id=\"c8f1f35\"><figure><span class=\"stk-img-wrapper stk-image--shape-stretch\"><img decoding=\"async\" class=\"stk-img wp-image-2715\" src=\"https:\/\/topfishseafood.nl\/wp-content\/uploads\/2024\/06\/shutterstock_266403950.jpg\" width=\"1000\" height=\"667\" srcset=\"https:\/\/topfishseafood.nl\/wp-content\/uploads\/2024\/06\/shutterstock_266403950.jpg 1000w, https:\/\/topfishseafood.nl\/wp-content\/uploads\/2024\/06\/shutterstock_266403950-300x200.jpg 300w, https:\/\/topfishseafood.nl\/wp-content\/uploads\/2024\/06\/shutterstock_266403950-768x512.jpg 768w\" sizes=\"(max-width: 1000px) 100vw, 1000px\" \/><\/span><\/figure><\/div>\n\n\n\n<div class=\"wp-block-stackable-heading stk-block-heading stk-block-heading--v2 stk-block stk-797d5bd\" id=\"tong\" data-block-id=\"797d5bd\"><h3 class=\"stk-block-heading__text\">Zunge<\/h3><\/div>\n\n\n\n<div class=\"wp-block-stackable-text stk-block-text stk-block stk-dd3083d\" data-block-id=\"dd3083d\"><p class=\"stk-block-text__text\">Seezunge ist ein flacher Seefisch, der f\u00fcr seinen raffinierten Geschmack und sein festes, wei\u00dfes Fleisch bekannt ist. Besonders beliebt ist Seezunge in der europ\u00e4ischen K\u00fcche, wo sie wegen ihrer sch\u00f6nen Textur und Vielseitigkeit gesch\u00e4tzt wird. <\/p><\/div>\n<\/div><\/div><\/div>\n\n\n\n<div class=\"wp-block-stackable-column stk-block-column stk-column stk-block stk-7a29c51 product\" data-v=\"4\" data-block-id=\"7a29c51\"><style>.stk-7a29c51{align-self:stretch !important}@media screen and (min-width:690px) and (max-width:999px){.stk-7a29c51{flex:var(--stk-flex-grow,1) 1 calc(50% - var(--stk-column-gap,0px) * 1 \/ 2 ) !important}}<\/style><div class=\"stk-column-wrapper stk-block-column__content stk-container stk-7a29c51-container stk-hover-parent\"><div class=\"has-text-align-left has-text-align-left-tablet stk-block-content stk-inner-blocks stk-7a29c51-inner-blocks\">\n<div class=\"wp-block-stackable-image stk-block-image stk-block stk-91d678e\" id=\"schol\" data-block-id=\"91d678e\"><figure><span class=\"stk-img-wrapper stk-image--shape-stretch\"><img decoding=\"async\" class=\"stk-img wp-image-2713\" src=\"https:\/\/topfishseafood.nl\/wp-content\/uploads\/2024\/06\/shutterstock_115376851.jpg\" width=\"1000\" height=\"664\" srcset=\"https:\/\/topfishseafood.nl\/wp-content\/uploads\/2024\/06\/shutterstock_115376851.jpg 1000w, https:\/\/topfishseafood.nl\/wp-content\/uploads\/2024\/06\/shutterstock_115376851-300x199.jpg 300w, https:\/\/topfishseafood.nl\/wp-content\/uploads\/2024\/06\/shutterstock_115376851-768x510.jpg 768w\" sizes=\"(max-width: 1000px) 100vw, 1000px\" \/><\/span><\/figure><\/div>\n\n\n\n<div class=\"wp-block-stackable-heading stk-block-heading stk-block-heading--v2 stk-block stk-533fe65\" id=\"schol\" data-block-id=\"533fe65\"><h3 class=\"stk-block-heading__text\">Scholle<\/h3><\/div>\n\n\n\n<div class=\"wp-block-stackable-text stk-block-text stk-block stk-05834d7\" data-block-id=\"05834d7\"><p class=\"stk-block-text__text\">Scholle ist ein Plattfisch aus der Nordsee mit einem milden und s\u00fc\u00dfen Geschmacksprofil. Das Fleisch ist zart, saftig und nicht fettig und eignet sich daher ideal zum Backen, Grillen oder Braten.  <\/p><\/div>\n<\/div><\/div><\/div>\n\n\n\n<div class=\"wp-block-stackable-column stk-block-column stk-column stk-block stk-eb3e3bd product\" data-v=\"4\" data-block-id=\"eb3e3bd\"><style>.stk-eb3e3bd{align-self:stretch !important}@media screen and (min-width:690px) and (max-width:999px){.stk-eb3e3bd{flex:var(--stk-flex-grow,1) 1 calc(50% - var(--stk-column-gap,0px) * 1 \/ 2 ) !important}}<\/style><div class=\"stk-column-wrapper stk-block-column__content stk-container stk-eb3e3bd-container stk-hover-parent\"><div class=\"has-text-align-left has-text-align-left-tablet stk-block-content stk-inner-blocks stk-eb3e3bd-inner-blocks\">\n<div class=\"wp-block-stackable-image stk-block-image stk-block stk-149abda\" id=\"schol\" data-block-id=\"149abda\"><figure><span class=\"stk-img-wrapper stk-image--shape-stretch\"><img decoding=\"async\" class=\"stk-img wp-image-2712\" src=\"https:\/\/topfishseafood.nl\/wp-content\/uploads\/2024\/06\/shutterstock_56095573.jpg\" width=\"1000\" height=\"667\" srcset=\"https:\/\/topfishseafood.nl\/wp-content\/uploads\/2024\/06\/shutterstock_56095573.jpg 1000w, https:\/\/topfishseafood.nl\/wp-content\/uploads\/2024\/06\/shutterstock_56095573-300x200.jpg 300w, https:\/\/topfishseafood.nl\/wp-content\/uploads\/2024\/06\/shutterstock_56095573-768x512.jpg 768w\" sizes=\"(max-width: 1000px) 100vw, 1000px\" \/><\/span><\/figure><\/div>\n\n\n\n<div class=\"wp-block-stackable-heading stk-block-heading stk-block-heading--v2 stk-block stk-071991c\" id=\"tarbot\" data-block-id=\"071991c\"><h3 class=\"stk-block-heading__text\">Steinbutt<\/h3><\/div>\n\n\n\n<div class=\"wp-block-stackable-text stk-block-text stk-block stk-2f6c5fa\" data-block-id=\"2f6c5fa\"><p class=\"stk-block-text__text\">Steinbutt ist ein hochwertiger Plattfisch mit festem, wei\u00dfem Fleisch und einem reichen Geschmack. Dieser Fisch wird oft f\u00fcr seinen zart s\u00fc\u00dfen Geschmack und seine samtige Textur gelobt.  <\/p><\/div>\n<\/div><\/div><\/div>\n<\/div><\/div>\n","protected":false},"excerpt":{"rendered":"<p>Produkte Top Fish Seafood steht f\u00fcr die Herstellung von Fischfilet auf h\u00f6chstem Niveau. Unsere Kunden stehen an erster Stelle und wir kaufen nur Fisch von absoluter Spitzenqualit\u00e4t. Durch Besuche bei unseren Kunden stellen wir sicher, dass ihre W\u00fcnsche richtig erfasst werden. Diese W\u00fcnsche setzen wir dann in die Produktion eines Spitzenprodukts um. Wir sehen es [&hellip;]<\/p>\n","protected":false},"author":1,"featured_media":0,"parent":0,"menu_order":0,"comment_status":"closed","ping_status":"closed","template":"","meta":{"footnotes":""},"class_list":["post-3063","page","type-page","status-publish","hentry"],"blocksy_meta":{"page_title_panel":"","has_hero_section":"disabled","b0bcf61a477b44d34d3f466147a584bb":"","hero_section":"type-1","hero_elements":[{"id":"custom_title","enabled":false,"heading_tag":"h1","title":"Home","__id":"Y6khUB4gAGdZZFZBz_AR5"},{"id":"custom_description","enabled":false,"description_visibility":{"desktop":true,"tablet":true,"mobile":false},"__id":"Zx4PulaiwG6cVdABGw_Xi"},{"id":"custom_meta","enabled":false,"meta_elements":[{"id":"author","enabled":true,"label":"By","has_author_avatar":"yes","avatar_size":25},{"id":"post_date","enabled":true,"label":"On","date_format_source":"default","date_format":"M j, Y"},{"id":"comments","enabled":true}],"page_meta_elements":{"joined":true,"articles_count":true,"comments":true},"__id":"CaQRZzZbK6gV7jH42pGx-"},{"id":"breadcrumbs","enabled":false,"__id":"_B7WbyQ_9ZZQZlxQCAptJ"}],"6a86d140dec4159912641ae246b7801e":"","hero_alignment1":"left","hero_alignment2":"center","hero_vertical_alignment":"center","41aa13d1fed6ffecd364c2a39a774aca":"","hero_structure":"narrow","b340154c4a3bba02ca0c20ad330341b4":"","page_title_bg_type":"featured_image","custom_hero_background":{"attachment_id":null},"parallax":{"desktop":false,"tablet":false,"mobile":false},"44e6f3202a53661b006d1325e23c4ee4":"","hero_height":"250px","pageTitleFont":{"family":"Default","variation":"Default","size":{"desktop":"32px","tablet":"30px","mobile":"25px"},"line-height":"CT_CSS_SKIP_RULE","letter-spacing":"CT_CSS_SKIP_RULE","text-transform":"CT_CSS_SKIP_RULE","text-decoration":"CT_CSS_SKIP_RULE"},"pageTitleFontColor":{"default":{"color":"CT_CSS_SKIP_RULEDEFAULT"}},"pageMetaFont":{"family":"Default","variation":"n6","size":"12px","line-height":"1.3","letter-spacing":"CT_CSS_SKIP_RULE","text-transform":"uppercase","text-decoration":"CT_CSS_SKIP_RULE"},"pageMetaFontColor":{"default":{"color":"CT_CSS_SKIP_RULEDEFAULT"},"hover":{"color":"CT_CSS_SKIP_RULEDEFAULT"}},"pageExcerptFont":{"family":"Default","variation":"Default","size":"CT_CSS_SKIP_RULE","line-height":"CT_CSS_SKIP_RULE","letter-spacing":"CT_CSS_SKIP_RULE","text-transform":"CT_CSS_SKIP_RULE","text-decoration":"CT_CSS_SKIP_RULE"},"pageExcerptColor":{"default":{"color":"CT_CSS_SKIP_RULEDEFAULT"}},"breadcrumbsFont":{"family":"Default","variation":"n6","size":"12px","line-height":"CT_CSS_SKIP_RULE","letter-spacing":"CT_CSS_SKIP_RULE","text-transform":"uppercase","text-decoration":"CT_CSS_SKIP_RULE"},"breadcrumbsFontColor":{"default":{"color":"CT_CSS_SKIP_RULEDEFAULT"},"initial":{"color":"CT_CSS_SKIP_RULEDEFAULT"},"hover":{"color":"CT_CSS_SKIP_RULEDEFAULT"}},"pageTitleOverlay":{"default":{"color":"CT_CSS_SKIP_RULE"}},"pageTitleBackground":{"background_type":"color","background_pattern":"type-1","background_image":{"attachment_id":null,"x":0,"y":0},"gradient":"linear-gradient(135deg,rgba(6,147,227,1) 0%,rgb(155,81,224) 100%)","background_repeat":"no-repeat","background_size":"auto","background_attachment":"scroll","patternColor":{"default":{"color":"#e5e7ea"}},"overlayColor":{"default":{"color":"CT_CSS_SKIP_RULE"}},"backgroundColor":{"default":{"color":"#EDEFF2"}}},"92d328a8166542dcbd3c70976a79e6fb":"","page_structure_type":"default","content_style":"inherit","vertical_spacing_source":"custom","content_area_spacing":"both","background":{"background_type":"color","background_pattern":"type-1","background_image":{"attachment_id":null,"x":0,"y":0},"gradient":"linear-gradient(135deg,rgba(6,147,227,1) 0%,rgb(155,81,224) 100%)","background_repeat":"no-repeat","background_size":"auto","background_attachment":"scroll","patternColor":{"default":{"color":"#e5e7ea"}},"overlayColor":{"default":{"color":"CT_CSS_SKIP_RULE"}},"backgroundColor":{"default":{"color":"CT_CSS_SKIP_RULE"}}},"content_background":{"background_type":"color","background_pattern":"type-1","background_image":{"attachment_id":null,"x":0,"y":0},"gradient":"linear-gradient(135deg,rgba(6,147,227,1) 0%,rgb(155,81,224) 100%)","background_repeat":"no-repeat","background_size":"auto","background_attachment":"scroll","patternColor":{"default":{"color":"#e5e7ea"}},"overlayColor":{"default":{"color":"CT_CSS_SKIP_RULE"}},"backgroundColor":{"default":{"color":"#ffffff"}}},"content_boxed_shadow":{"inherit":false,"blur":18,"spread":-6,"v_offset":12,"h_offset":0,"inset":false,"enable":true,"color":{"color":"rgba(34, 56, 101, 0.04)"}},"boxed_content_spacing":{"desktop":{"top":"40px","bottom":"40px","left":"40px","right":"40px","linked":true},"tablet":{"top":"35px","bottom":"35px","left":"35px","right":"35px","linked":true},"mobile":{"top":"20px","bottom":"20px","left":"20px","right":"20px","linked":true}},"content_boxed_radius":{"top":"3px","bottom":"3px","left":"3px","right":"3px","linked":true},"43724777f327b8931e8a2e0911cc6c52":"","disable_featured_image":"no","disable_header":"no","disable_footer":"no","3d43cf42515988c9004c52682b561440":"","d7604e7cb081bb659235ddc693d1da2d":"","hero_margin":{"desktop":"0","tablet":"0","mobile":"0","__changed":["mobile","tablet"]},"991a08045a14defff12390aff3a02d32":"","51a391c3170f49d078acc81826ddb351":"","9bcda35d13d6daea61cfad48e28d02e5":"","99b57b262e58f32660aaaa446b5f0b3c":"","95bdde3f5896f81b81883487140c520b":"","e020ebdedb0cb46b220928a4ebf7c0e5":"","47dd6dd73fcaac5d8363dd0a495159d6":"","873067bb6ab052f125371292b1ff7042":"","30620d1392afbd268c4c8dab82936123":"","a43688002e299611e44867a622ea70a0":"","4561e524d1adc49f2211bb560dc1cfc7":"","98a2f2fa0f1a02bdbc9f3b91cf2e4c06":"","1b8d0da3c48da055c34d7a83cdc91efa":"","36c76191ea6552ba5d7915c365e02ea4":"","bc8bd2f8f09309b34c7cd4d4f9b67717":"","0c7aa27137ffcdc65a77ce5f0c6e3928":"","8e89f5e8dfab363fe226a4e15c0bc4b4":"","f259a7341fc8f0f945501cdbb177bea7":"","183af9cd95f5720580abac239d1f1d05":"","ff343b6b7fa7f212f31373007485c729":"","96b44615bdbd5fecbcad729d98e17b18":"","fca6c23d3766460c5611872e7ad3cfa4":"","3d38b368984a097694aaed50e20dc609":"","d4e8a2923dcb3b4344d96aab244bf290":"","e471ebd3ea3fc7f242998a938c0fc7ac":"","c3bdf554de46a0788dbfd2d90ce4e6cf":"","ab1285c431759881cacea149314413d6":"","1453aad95c3f9f179cdc61c7a9ce2727":"","651a3fafeee39709b177fa7406c074eb":"","813f802b6b7d32878eefefe8a9b0683b":"","dd169c567080afe08a2a56a86ff6efaa":"","4916d94fa5100507f1f60356e0083290":"","04147a29052df8c47b6c3bd0a46ba2d7":"","1c1d59115cdb1ad1d2badd750510266c":"","3e3a5064030306d41ac8eaa92a240c2a":"","26b62dd7913ccd6fc1cc1ae96e24aab9":"","eb0b60759e6688553f0c4dce10c97dfd":"","d83dd82dbb7c6fe1030167582e27eabc":"","pageTitlePadding":{"top":"50px","bottom":"50px","left":"auto","right":"auto","linked":true},"7ea8fa1dd9af6ab0dbeb84a24f3f6c52":"","fd41f3570f6700e236a51228fa414b9d":"","styles_descriptor":{"styles":{"desktop":"","tablet":"","mobile":""},"google_fonts":[],"version":6}},"featured_image_urls_v2":{"full":"","thumbnail":"","medium":"","medium_large":"","large":"","1536x1536":"","2048x2048":"","gform-image-choice-sm":"","gform-image-choice-md":"","gform-image-choice-lg":""},"post_excerpt_stackable_v2":"<p>ProdukteTop Fish Seafood steht f\u00fcr die Herstellung von Fischfilet auf h\u00f6chstem Niveau. Unsere Kunden stehen an erster Stelle und wir kaufen nur Fisch von absoluter Spitzenqualit\u00e4t. Durch Besuche bei unseren Kunden stellen wir sicher, dass ihre W\u00fcnsche richtig erfasst werden. Diese W\u00fcnsche setzen wir dann in die Produktion eines Spitzenprodukts um. Wir sehen es als unsere Mission an, h\u00f6chste Qualit\u00e4t zu liefern. Die Zukunft von Top Fish ist untrennbar mit unserer Qualit\u00e4t verbunden. Top Fish ist auf die Verarbeitung von Plattfischen wie Scholle, Seezunge, Seezunge und Steinbutt spezialisiert. Aber auch f\u00fcr die Verarbeitung von Rundfischen wie Kabeljau, Wittling, Hecht und&hellip;<\/p>\n","category_list_v2":"","author_info_v2":{"name":"Spikker","url":"https:\/\/topfishseafood.nl\/de\/author\/best4u\/"},"comments_num_v2":"0 comments","yoast_head":"<!-- This site is optimized with the Yoast SEO plugin v26.3 - https:\/\/yoast.com\/wordpress\/plugins\/seo\/ -->\n<title>Produkte - Top Fish Seafood<\/title>\n<meta name=\"robots\" content=\"index, follow, max-snippet:-1, max-image-preview:large, max-video-preview:-1\" \/>\n<link rel=\"canonical\" href=\"https:\/\/topfishseafood.nl\/de\/produkte\/\" \/>\n<meta property=\"og:locale\" content=\"de_DE\" \/>\n<meta property=\"og:type\" content=\"article\" \/>\n<meta property=\"og:title\" content=\"Produkte - Top Fish Seafood\" \/>\n<meta property=\"og:description\" content=\"Produkte Top Fish Seafood steht f\u00fcr die Herstellung von Fischfilet auf h\u00f6chstem Niveau. Unsere Kunden stehen an erster Stelle und wir kaufen nur Fisch von absoluter Spitzenqualit\u00e4t. Durch Besuche bei unseren Kunden stellen wir sicher, dass ihre W\u00fcnsche richtig erfasst werden. Diese W\u00fcnsche setzen wir dann in die Produktion eines Spitzenprodukts um. Wir sehen es [&hellip;]\" \/>\n<meta property=\"og:url\" content=\"https:\/\/topfishseafood.nl\/de\/produkte\/\" \/>\n<meta property=\"og:site_name\" content=\"Top Fish Seafood\" \/>\n<meta property=\"article:modified_time\" content=\"2024-08-29T13:12:29+00:00\" \/>\n<meta property=\"og:image\" content=\"https:\/\/topfishseafood.nl\/wp-content\/uploads\/2024\/06\/shutterstock_160800722.jpg\" \/>\n<meta name=\"twitter:card\" content=\"summary_large_image\" \/>\n<meta name=\"twitter:label1\" content=\"Gesch\u00e4tzte Lesezeit\" \/>\n\t<meta name=\"twitter:data1\" content=\"1\u00a0Minute\" \/>\n<script type=\"application\/ld+json\" class=\"yoast-schema-graph\">{\"@context\":\"https:\/\/schema.org\",\"@graph\":[{\"@type\":\"WebPage\",\"@id\":\"https:\/\/topfishseafood.nl\/de\/produkte\/\",\"url\":\"https:\/\/topfishseafood.nl\/de\/produkte\/\",\"name\":\"Produkte - Top Fish Seafood\",\"isPartOf\":{\"@id\":\"https:\/\/topfishseafood.nl\/de\/#website\"},\"primaryImageOfPage\":{\"@id\":\"https:\/\/topfishseafood.nl\/de\/produkte\/#primaryimage\"},\"image\":{\"@id\":\"https:\/\/topfishseafood.nl\/de\/produkte\/#primaryimage\"},\"thumbnailUrl\":\"https:\/\/topfishseafood.nl\/wp-content\/uploads\/2024\/06\/shutterstock_160800722.jpg\",\"datePublished\":\"2024-06-21T10:42:04+00:00\",\"dateModified\":\"2024-08-29T13:12:29+00:00\",\"breadcrumb\":{\"@id\":\"https:\/\/topfishseafood.nl\/de\/produkte\/#breadcrumb\"},\"inLanguage\":\"de\",\"potentialAction\":[{\"@type\":\"ReadAction\",\"target\":[\"https:\/\/topfishseafood.nl\/de\/produkte\/\"]}]},{\"@type\":\"ImageObject\",\"inLanguage\":\"de\",\"@id\":\"https:\/\/topfishseafood.nl\/de\/produkte\/#primaryimage\",\"url\":\"https:\/\/topfishseafood.nl\/wp-content\/uploads\/2024\/06\/shutterstock_160800722.jpg\",\"contentUrl\":\"https:\/\/topfishseafood.nl\/wp-content\/uploads\/2024\/06\/shutterstock_160800722.jpg\"},{\"@type\":\"BreadcrumbList\",\"@id\":\"https:\/\/topfishseafood.nl\/de\/produkte\/#breadcrumb\",\"itemListElement\":[{\"@type\":\"ListItem\",\"position\":1,\"name\":\"Home\",\"item\":\"https:\/\/topfishseafood.nl\/de\/\"},{\"@type\":\"ListItem\",\"position\":2,\"name\":\"Produkte\"}]},{\"@type\":\"WebSite\",\"@id\":\"https:\/\/topfishseafood.nl\/de\/#website\",\"url\":\"https:\/\/topfishseafood.nl\/de\/\",\"name\":\"Top Fish Seafood\",\"description\":\"\",\"publisher\":{\"@id\":\"https:\/\/topfishseafood.nl\/de\/#organization\"},\"potentialAction\":[{\"@type\":\"SearchAction\",\"target\":{\"@type\":\"EntryPoint\",\"urlTemplate\":\"https:\/\/topfishseafood.nl\/de\/?s={search_term_string}\"},\"query-input\":{\"@type\":\"PropertyValueSpecification\",\"valueRequired\":true,\"valueName\":\"search_term_string\"}}],\"inLanguage\":\"de\"},{\"@type\":\"Organization\",\"@id\":\"https:\/\/topfishseafood.nl\/de\/#organization\",\"name\":\"Top Fish Seafood\",\"url\":\"https:\/\/topfishseafood.nl\/de\/\",\"logo\":{\"@type\":\"ImageObject\",\"inLanguage\":\"de\",\"@id\":\"https:\/\/topfishseafood.nl\/de\/#\/schema\/logo\/image\/\",\"url\":\"https:\/\/topfishseafood.nl\/wp-content\/uploads\/2024\/06\/Top-Fish_fc_Nieuw-1.svg\",\"contentUrl\":\"https:\/\/topfishseafood.nl\/wp-content\/uploads\/2024\/06\/Top-Fish_fc_Nieuw-1.svg\",\"caption\":\"Top Fish Seafood\"},\"image\":{\"@id\":\"https:\/\/topfishseafood.nl\/de\/#\/schema\/logo\/image\/\"}}]}<\/script>\n<!-- \/ Yoast SEO plugin. -->","yoast_head_json":{"title":"Produkte - Top Fish Seafood","robots":{"index":"index","follow":"follow","max-snippet":"max-snippet:-1","max-image-preview":"max-image-preview:large","max-video-preview":"max-video-preview:-1"},"canonical":"https:\/\/topfishseafood.nl\/de\/produkte\/","og_locale":"de_DE","og_type":"article","og_title":"Produkte - Top Fish Seafood","og_description":"Produkte Top Fish Seafood steht f\u00fcr die Herstellung von Fischfilet auf h\u00f6chstem Niveau. Unsere Kunden stehen an erster Stelle und wir kaufen nur Fisch von absoluter Spitzenqualit\u00e4t. Durch Besuche bei unseren Kunden stellen wir sicher, dass ihre W\u00fcnsche richtig erfasst werden. Diese W\u00fcnsche setzen wir dann in die Produktion eines Spitzenprodukts um. Wir sehen es [&hellip;]","og_url":"https:\/\/topfishseafood.nl\/de\/produkte\/","og_site_name":"Top Fish Seafood","article_modified_time":"2024-08-29T13:12:29+00:00","og_image":[{"url":"https:\/\/topfishseafood.nl\/wp-content\/uploads\/2024\/06\/shutterstock_160800722.jpg","type":"","width":"","height":""}],"twitter_card":"summary_large_image","twitter_misc":{"Gesch\u00e4tzte Lesezeit":"1\u00a0Minute"},"schema":{"@context":"https:\/\/schema.org","@graph":[{"@type":"WebPage","@id":"https:\/\/topfishseafood.nl\/de\/produkte\/","url":"https:\/\/topfishseafood.nl\/de\/produkte\/","name":"Produkte - Top Fish Seafood","isPartOf":{"@id":"https:\/\/topfishseafood.nl\/de\/#website"},"primaryImageOfPage":{"@id":"https:\/\/topfishseafood.nl\/de\/produkte\/#primaryimage"},"image":{"@id":"https:\/\/topfishseafood.nl\/de\/produkte\/#primaryimage"},"thumbnailUrl":"https:\/\/topfishseafood.nl\/wp-content\/uploads\/2024\/06\/shutterstock_160800722.jpg","datePublished":"2024-06-21T10:42:04+00:00","dateModified":"2024-08-29T13:12:29+00:00","breadcrumb":{"@id":"https:\/\/topfishseafood.nl\/de\/produkte\/#breadcrumb"},"inLanguage":"de","potentialAction":[{"@type":"ReadAction","target":["https:\/\/topfishseafood.nl\/de\/produkte\/"]}]},{"@type":"ImageObject","inLanguage":"de","@id":"https:\/\/topfishseafood.nl\/de\/produkte\/#primaryimage","url":"https:\/\/topfishseafood.nl\/wp-content\/uploads\/2024\/06\/shutterstock_160800722.jpg","contentUrl":"https:\/\/topfishseafood.nl\/wp-content\/uploads\/2024\/06\/shutterstock_160800722.jpg"},{"@type":"BreadcrumbList","@id":"https:\/\/topfishseafood.nl\/de\/produkte\/#breadcrumb","itemListElement":[{"@type":"ListItem","position":1,"name":"Home","item":"https:\/\/topfishseafood.nl\/de\/"},{"@type":"ListItem","position":2,"name":"Produkte"}]},{"@type":"WebSite","@id":"https:\/\/topfishseafood.nl\/de\/#website","url":"https:\/\/topfishseafood.nl\/de\/","name":"Top Fish Seafood","description":"","publisher":{"@id":"https:\/\/topfishseafood.nl\/de\/#organization"},"potentialAction":[{"@type":"SearchAction","target":{"@type":"EntryPoint","urlTemplate":"https:\/\/topfishseafood.nl\/de\/?s={search_term_string}"},"query-input":{"@type":"PropertyValueSpecification","valueRequired":true,"valueName":"search_term_string"}}],"inLanguage":"de"},{"@type":"Organization","@id":"https:\/\/topfishseafood.nl\/de\/#organization","name":"Top Fish Seafood","url":"https:\/\/topfishseafood.nl\/de\/","logo":{"@type":"ImageObject","inLanguage":"de","@id":"https:\/\/topfishseafood.nl\/de\/#\/schema\/logo\/image\/","url":"https:\/\/topfishseafood.nl\/wp-content\/uploads\/2024\/06\/Top-Fish_fc_Nieuw-1.svg","contentUrl":"https:\/\/topfishseafood.nl\/wp-content\/uploads\/2024\/06\/Top-Fish_fc_Nieuw-1.svg","caption":"Top Fish Seafood"},"image":{"@id":"https:\/\/topfishseafood.nl\/de\/#\/schema\/logo\/image\/"}}]}},"_links":{"self":[{"href":"https:\/\/topfishseafood.nl\/de\/wp-json\/wp\/v2\/pages\/3063","targetHints":{"allow":["GET"]}}],"collection":[{"href":"https:\/\/topfishseafood.nl\/de\/wp-json\/wp\/v2\/pages"}],"about":[{"href":"https:\/\/topfishseafood.nl\/de\/wp-json\/wp\/v2\/types\/page"}],"author":[{"embeddable":true,"href":"https:\/\/topfishseafood.nl\/de\/wp-json\/wp\/v2\/users\/1"}],"replies":[{"embeddable":true,"href":"https:\/\/topfishseafood.nl\/de\/wp-json\/wp\/v2\/comments?post=3063"}],"version-history":[{"count":3,"href":"https:\/\/topfishseafood.nl\/de\/wp-json\/wp\/v2\/pages\/3063\/revisions"}],"predecessor-version":[{"id":3075,"href":"https:\/\/topfishseafood.nl\/de\/wp-json\/wp\/v2\/pages\/3063\/revisions\/3075"}],"wp:attachment":[{"href":"https:\/\/topfishseafood.nl\/de\/wp-json\/wp\/v2\/media?parent=3063"}],"curies":[{"name":"wp","href":"https:\/\/api.w.org\/{rel}","templated":true}]}}